{"id":562,"date":"2020-03-14T16:14:31","date_gmt":"2020-03-14T16:14:31","guid":{"rendered":"http:\/\/camping-horn.de\/?page_id=562"},"modified":"2024-09-10T10:22:28","modified_gmt":"2024-09-10T10:22:28","slug":"kontakt-impressum","status":"publish","type":"page","link":"https:\/\/camping-horn.de\/?page_id=562","title":{"rendered":"Kontakt \/ Impressum"},"content":{"rendered":"<div data-colibri-id=\"562-c1\" class=\"style-660 style-local-562-c1 position-relative\">\n  <!---->\n  <div data-colibri-component=\"section\" data-colibri-id=\"562-c2\" id=\"contact-2\" class=\"h-section h-section-global-spacing d-flex align-items-lg-center align-items-md-center align-items-center style-753 style-local-562-c2 position-relative\">\n    <!---->\n    <!---->\n    <div class=\"h-section-grid-container h-section-boxed-container\">\n      <!---->\n      <div data-colibri-id=\"562-c3\" class=\"h-row-container gutters-row-lg-2 gutters-row-md-2 gutters-row-2 gutters-row-v-lg-2 gutters-row-v-md-2 gutters-row-v-2 style-754 style-local-562-c3 position-relative\">\n        <!---->\n        <div class=\"h-row justify-content-lg-center justify-content-md-center justify-content-center align-items-lg-stretch align-items-md-stretch align-items-stretch gutters-col-lg-2 gutters-col-md-2 gutters-col-2 gutters-col-v-lg-2 gutters-col-v-md-2 gutters-col-v-2\">\n          <!---->\n          <div class=\"h-column h-column-container d-flex h-col-lg-3 h-col-md-3 h-col-12 style-755-outer style-local-562-c4-outer\">\n            <div data-colibri-id=\"562-c4\" class=\"d-flex h-flex-basis h-column__inner h-px-lg-0 h-px-md-0 h-px-0 v-inner-lg-0 v-inner-md-0 v-inner-0 style-755 style-local-562-c4 position-relative\">\n              <!---->\n              <!---->\n              <div class=\"w-100 h-y-container h-column__content h-column__v-align flex-basis-100 align-self-lg-start align-self-md-start align-self-start\">\n                <!---->\n                <div data-colibri-id=\"562-c5\" class=\"h-icon style-756 style-local-562-c5 position-relative h-element\">\n                  <!----><span class=\"h-svg-icon h-icon__icon style-756-icon style-local-562-c5-icon\"><!--Icon by Icons8 Line Awesome (https:\/\/icons8.com\/line-awesome)--><svg version=\"1.1\" xmlns=\"http:\/\/www.w3.org\/2000\/svg\" xmlns:xlink=\"http:\/\/www.w3.org\/1999\/xlink\" id=\"map-marker\" viewBox=\"0 0 512 545.5\"><path d=\"M256 80c79.336 0 144 64.664 144 144 0 22.5-9.116 48.313-21.5 76.5s-28.314 58.098-44.5 86C301.628 442.306 269 489 269 489l-13 19-13-19s-32.628-46.694-65-102.5c-16.186-27.902-32.116-57.813-44.5-86S112 246.5 112 224c0-79.336 64.664-144 144-144zm0 32c-62.04 0-112 49.96-112 112 0 12.844 6.884 37.06 18.5 63.5s27.686 55.738 43.5 83c25.155 43.364 40.74 66.3 50 80 9.26-13.7 24.845-36.636 50-80 15.815-27.262 31.884-56.56 43.5-83S368 236.844 368 224c0-62.04-49.96-112-112-112zm0 80c17.673 0 32 14.327 32 32s-14.327 32-32 32-32-14.327-32-32 14.327-32 32-32z\"><\/path><\/svg><\/span><\/div>\n                <div\n                  data-colibri-id=\"562-c6\" class=\"h-global-transition-all h-heading style-757 style-local-562-c6 position-relative h-element\">\n                  <!---->\n                  <div class=\"h-heading__outer style-757 style-local-562-c6\">\n                    <!---->\n                    <!---->\n                    <h4 class=\"\">Camping Horn<\/h4>\n                  <\/div>\n              <\/div>\n              <div data-colibri-id=\"562-c7\" class=\"h-divider style-758 style-local-562-c7 position-relative h-element\">\n                <!----><span class=\"h-divider__line style-758-line style-local-562-c7-line style-758-line style-local-562-c7-line\"><\/span><\/div>\n              <div data-colibri-id=\"562-c8\" class=\"h-text h-text-component style-759 style-local-562-c8 position-relative h-element\">\n                <!---->\n                <!---->\n                <div class=\"\">\n                  <p>Strandweg 3 &#8211; 18<\/p>\n                <\/div>\n              <\/div>\n              <div data-colibri-id=\"562-c9\" class=\"h-text h-text-component style-760 style-local-562-c9 position-relative h-element\">\n                <!---->\n                <!---->\n                <div class=\"\">\n                  <p>78343 Gaienhofen<\/p>\n                <\/div>\n              <\/div>\n            <\/div>\n          <\/div>\n        <\/div>\n        <div class=\"h-column h-column-container d-flex h-col-lg-3 h-col-md-3 h-col-12 style-755-outer style-local-562-c10-outer\">\n          <div data-colibri-id=\"562-c10\" class=\"d-flex h-flex-basis h-column__inner h-px-lg-0 h-px-md-0 h-px-0 v-inner-lg-0 v-inner-md-0 v-inner-0 style-755 style-local-562-c10 position-relative\">\n            <!---->\n            <!---->\n            <div class=\"w-100 h-y-container h-column__content h-column__v-align flex-basis-100 align-self-lg-start align-self-md-start align-self-start\">\n              <!---->\n              <div data-colibri-id=\"562-c11\" class=\"h-icon style-756 style-local-562-c11 position-relative h-element\">\n                <!----><span class=\"h-svg-icon h-icon__icon style-756-icon style-local-562-c11-icon\"><!--Icon by Icons8 Line Awesome (https:\/\/icons8.com\/line-awesome)--><svg version=\"1.1\" xmlns=\"http:\/\/www.w3.org\/2000\/svg\" xmlns:xlink=\"http:\/\/www.w3.org\/1999\/xlink\" id=\"envelope\" viewBox=\"0 0 512 545.5\"><path d=\"M48 160h416v288H48V160zm69 32l139 92.5L395 192H117zm-37 14v210h352V206L265 317.5l-9 5.5-9-5.5z\"><\/path><\/svg><\/span><\/div>\n              <div\n                data-colibri-id=\"562-c12\" class=\"h-global-transition-all h-heading style-757 style-local-562-c12 position-relative h-element\">\n                <!---->\n                <div class=\"h-heading__outer style-757 style-local-562-c12\">\n                  <!---->\n                  <!---->\n                  <h4 class=\"\">Mail<\/h4>\n                <\/div>\n            <\/div>\n            <div data-colibri-id=\"562-c13\" class=\"h-divider style-758 style-local-562-c13 position-relative h-element\">\n              <!----><span class=\"h-divider__line style-758-line style-local-562-c13-line style-758-line style-local-562-c13-line\"><\/span><\/div>\n            <div data-colibri-id=\"562-c14\" class=\"h-text h-text-component style-759 style-local-562-c14 position-relative h-element\">\n              <!---->\n              <!---->\n              <div class=\"\">\n                <p>info@campingplatz-horn.de<\/p>\n              <\/div>\n            <\/div>\n            <div data-colibri-id=\"562-c15\" class=\"h-text h-text-component style-761 style-local-562-c15 position-relative h-element\">\n              <!---->\n              <!---->\n              <div class=\"\"><\/div>\n            <\/div>\n          <\/div>\n        <\/div>\n      <\/div>\n      <div class=\"h-column h-column-container d-flex h-col-lg-3 h-col-md-3 h-col-12 style-755-outer style-local-562-c16-outer\">\n        <div data-colibri-id=\"562-c16\" class=\"d-flex h-flex-basis h-column__inner h-px-lg-0 h-px-md-0 h-px-0 v-inner-lg-0 v-inner-md-0 v-inner-0 style-755 style-local-562-c16 position-relative\">\n          <!---->\n          <!---->\n          <div class=\"w-100 h-y-container h-column__content h-column__v-align flex-basis-100 align-self-lg-start align-self-md-start align-self-start\">\n            <!---->\n            <div data-colibri-id=\"562-c17\" class=\"h-icon style-756 style-local-562-c17 position-relative h-element\">\n              <!----><span class=\"h-svg-icon h-icon__icon style-756-icon style-local-562-c17-icon\"><!--Icon by Icons8 Line Awesome (https:\/\/icons8.com\/line-awesome)--><svg version=\"1.1\" xmlns=\"http:\/\/www.w3.org\/2000\/svg\" xmlns:xlink=\"http:\/\/www.w3.org\/1999\/xlink\" id=\"phone\" viewBox=\"0 0 512 545.5\"><path d=\"M138.5 80c8.375 0 16.656 3.024 23.5 8.5l1 .5.5.5 64 66 1.5 1.5-.5.5c14.174 13.212 13.968 35.53.5 49l-32 32c4.92 11.277 18.33 40.02 44.5 65 26.358 25.16 53.932 39.467 65.5 45l31.5-31.5.5-.5c13.28-13.28 36.72-13.28 50 0l.5 1 65 65c13.28 13.28 13.28 36.22 0 49.5L405 481.5l-.5.5-.5.5c-15.01 12.867-36.04 17.486-55.5 11h-.5c-37.55-14.693-113.51-48.01-181.5-116C98.773 309.773 64.052 234.84 50.5 196c-.035-.1.034-.4 0-.5-6.703-18.434-1.915-39.738 13.5-54l-.5-.5 50-51.5.5-.5 1-.5c6.844-5.476 15.125-8.5 23.5-8.5zm0 32c-1.172 0-2.344.575-3.5 1.5L86.5 163l-.5.5-.5.5c-5.674 4.863-7.44 14.493-5 21 12.12 34.847 45.2 106.7 108.5 170 62.784 62.784 133.224 93.76 169.5 108 9.34 3.113 17.11 1.833 24.5-4.5l49-49c2.72-2.72 2.72-1.78 0-4.5l-65.5-65.5c-2.72-2.72-2.28-2.72-5 0l-40 40-7.5 7.5-10-4.5s-43.83-18.552-81-52.5l-3.5-3c-38.595-36.84-57-86-57-86l-3.5-10 7.5-7 40-40c1.966-1.966.874-3.6 1-3.5l-.5-.5-1-1-64-65.5c-1.156-.925-2.328-1.5-3.5-1.5z\"><\/path><\/svg><\/span><\/div>\n            <div\n              data-colibri-id=\"562-c18\" class=\"h-global-transition-all h-heading style-757 style-local-562-c18 position-relative h-element\">\n              <!---->\n              <div class=\"h-heading__outer style-757 style-local-562-c18\">\n                <!---->\n                <!---->\n                <h4 class=\"\">Telefon<\/h4>\n              <\/div>\n          <\/div>\n          <div data-colibri-id=\"562-c19\" class=\"h-divider style-758 style-local-562-c19 position-relative h-element\">\n            <!----><span class=\"h-divider__line style-758-line style-local-562-c19-line style-758-line style-local-562-c19-line\"><\/span><\/div>\n          <div data-colibri-id=\"562-c20\" class=\"h-text h-text-component style-761 style-local-562-c20 position-relative h-element\">\n            <!---->\n            <!---->\n            <div class=\"\">\n              <p>0049 (0)7735 685<\/p>\n            <\/div>\n          <\/div>\n          <div data-colibri-id=\"562-c21\" class=\"h-text h-text-component style-761 style-local-562-c21 position-relative h-element\">\n            <!---->\n            <!---->\n            <div class=\"\"><\/div>\n          <\/div>\n        <\/div>\n      <\/div>\n    <\/div>\n  <\/div>\n<\/div>\n<\/div>\n<\/div>\n<div data-colibri-component=\"section\" data-colibri-id=\"562-c22\" id=\"features-4\" class=\"h-section h-section-global-spacing d-flex align-items-lg-center align-items-md-center align-items-center style-1139 style-local-562-c22 position-relative\">\n  <!---->\n  <!---->\n  <div class=\"h-section-grid-container h-section-boxed-container\">\n    <!---->\n    <div data-colibri-id=\"562-c23\" class=\"h-row-container gutters-row-lg-0 gutters-row-md-0 gutters-row-0 gutters-row-v-lg-0 gutters-row-v-md-0 gutters-row-v-0 style-1140 style-local-562-c23 position-relative\">\n      <!---->\n      <div class=\"h-row justify-content-lg-center justify-content-md-center justify-content-center align-items-lg-stretch align-items-md-stretch align-items-stretch gutters-col-lg-0 gutters-col-md-0 gutters-col-0 gutters-col-v-lg-0 gutters-col-v-md-0 gutters-col-v-0\">\n        <!---->\n        <div class=\"h-column h-column-container d-flex h-col-lg-auto h-col-md-auto h-col-auto style-1141-outer style-local-562-c24-outer\">\n          <div data-colibri-id=\"562-c24\" class=\"d-flex h-flex-basis h-column__inner h-ui-empty-state-container h-px-lg-0 h-px-md-0 h-px-0 v-inner-lg-0 v-inner-md-0 v-inner-0 style-1141 style-local-562-c24 position-relative\">\n            <div class=\"background-wrapper\">\n              <div class=\"background-layer background-layer-media-container-lg\">\n                <!---->\n                <div class=\"overlay-layer\">\n                  <div class=\"overlay-image-layer\" style=\"background-image: linear-gradient(90deg, rgba(255, 255, 255, 0) 0%, rgb(255, 255, 255) 100%);\"><\/div>\n                <\/div>\n              <\/div>\n              <div class=\"background-layer background-layer-media-container-md\">\n                <!---->\n                <div class=\"overlay-layer\">\n                  <div class=\"overlay-image-layer\" style=\"background-image: linear-gradient(90deg, rgba(255, 255, 255, 0) 0%, rgb(255, 255, 255) 100%);\"><\/div>\n                <\/div>\n              <\/div>\n              <div class=\"background-layer background-layer-media-container\">\n                <!---->\n                <div class=\"overlay-layer\">\n                  <div class=\"overlay-image-layer\" style=\"background-image: linear-gradient(90deg, rgba(255, 255, 255, 0) 0%, rgb(255, 255, 255) 100%);\"><\/div>\n                <\/div>\n              <\/div>\n            <\/div>\n            <!---->\n            <div class=\"w-100 h-y-container h-column__content h-column__v-align flex-basis-100\">\n              <!---->\n            <\/div>\n          <\/div>\n        <\/div>\n        <div class=\"h-column h-column-container d-flex h-col-lg-auto h-col-md-auto h-col-auto style-1142-outer style-local-562-c25-outer\">\n          <div data-colibri-id=\"562-c25\" class=\"d-flex h-flex-basis h-column__inner h-px-lg-0 h-px-md-0 h-px-0 v-inner-lg-0 v-inner-md-0 v-inner-0 style-1142 style-local-562-c25 position-relative\">\n            <!---->\n            <!---->\n            <div class=\"w-100 h-y-container h-column__content h-column__v-align flex-basis-100 align-self-lg-start align-self-md-start align-self-start\">\n              <!---->\n              <div data-colibri-id=\"562-c26\" class=\"h-global-transition-all h-heading style-1143 style-local-562-c26 position-relative h-element\">\n                <!---->\n                <div class=\"h-heading__outer style-1143 style-local-562-c26\">\n                  <!---->\n                  <!---->\n                  <h3 class=\"\">\u00d6ffnungszeiten <\/h3>\n                <\/div>\n              <\/div>\n              <div data-colibri-id=\"562-c27\" class=\"h-row-container gutters-row-lg-2 gutters-row-md-2 gutters-row-0 gutters-row-v-lg-2 gutters-row-v-md-2 gutters-row-v-2 style-1144 style-local-562-c27 position-relative\">\n                <!---->\n                <div class=\"h-row justify-content-lg-center justify-content-md-start justify-content-center align-items-lg-stretch align-items-md-stretch align-items-stretch gutters-col-lg-2 gutters-col-md-2 gutters-col-0 gutters-col-v-lg-2 gutters-col-v-md-2 gutters-col-v-2\">\n                  <!---->\n                  <div class=\"h-column h-column-container d-flex h-col-lg-4 h-col-md-4 h-col-12 style-1145-outer style-local-562-c28-outer\">\n                    <div data-colibri-id=\"562-c28\" class=\"d-flex h-flex-basis h-column__inner h-px-lg-0 h-px-md-0 h-px-0 v-inner-lg-0 v-inner-md-0 v-inner-0 style-1145 style-local-562-c28 position-relative\">\n                      <!---->\n                      <!---->\n                      <div class=\"w-100 h-y-container h-column__content h-column__v-align flex-basis-100 align-self-lg-start align-self-md-start align-self-start\">\n                        <!---->\n                        <div data-colibri-id=\"562-c29\" class=\"h-global-transition-all h-heading style-1146 style-local-562-c29 position-relative h-element\">\n                          <!---->\n                          <div class=\"h-heading__outer style-1146 style-local-562-c29\">\n                            <!---->\n                            <!---->\n                            <h5 class=\"\">Campingplatz <\/h5>\n                          <\/div>\n                        <\/div>\n                        <div data-colibri-id=\"562-c30\" class=\"h-text h-text-component style-1147 style-local-562-c30 position-relative h-element\">\n                          <!---->\n                          <!---->\n                          <div class=\"\">\n                            <p><span style=\"font-size: 16px; font-family: Open Sans; color: rgb(70, 112, 127);\">Ge\u00f6ffnet immer von <br>Gr\u00fcndonnerstag bis 03.Oktober<br><\/span><\/p>\n                            <p><span style=\"font-size: 16px; font-family: Open Sans; color: rgb(70, 112, 127);\">ANREISE bis 18 Uhr!\ufeff<\/span><\/p>\n                            <p><span style=\"font-size: 16px; font-family: Open Sans; color: rgb(70, 112, 127);\">Reservierung in der Vor- und Nachsaison erforderlich.<br><\/span><\/p>\n                          <\/div>\n                        <\/div>\n                      <\/div>\n                    <\/div>\n                  <\/div>\n                  <div class=\"h-column h-column-container d-flex h-col-lg-4 h-col-md-4 h-col-12 style-1145-outer style-local-562-c31-outer\">\n                    <div data-colibri-id=\"562-c31\" class=\"d-flex h-flex-basis h-column__inner h-px-lg-0 h-px-md-0 h-px-0 v-inner-lg-0 v-inner-md-0 v-inner-0 style-1145 style-local-562-c31 position-relative\">\n                      <!---->\n                      <!---->\n                      <div class=\"w-100 h-y-container h-column__content h-column__v-align flex-basis-100 align-self-lg-start align-self-md-start align-self-start\">\n                        <!---->\n                        <div data-colibri-id=\"562-c32\" class=\"h-global-transition-all h-heading style-1146 style-local-562-c32 position-relative h-element\">\n                          <!---->\n                          <div class=\"h-heading__outer style-1146 style-local-562-c32\">\n                            <!---->\n                            <!---->\n                            <h5 class=\"\">.<\/h5>\n                          <\/div>\n                        <\/div>\n                        <div data-colibri-id=\"562-c33\" class=\"h-text h-text-component style-1147 style-local-562-c33 position-relative h-element\">\n                          <!---->\n                          <!---->\n                          <div class=\"\">\n                            <p>.\n                              <br>\n                            <\/p>\n                          <\/div>\n                        <\/div>\n                      <\/div>\n                    <\/div>\n                  <\/div>\n                <\/div>\n              <\/div>\n            <\/div>\n          <\/div>\n        <\/div>\n      <\/div>\n    <\/div>\n  <\/div>\n<\/div>\n<\/div>","protected":false},"excerpt":{"rendered":"<p>Camping Horn Strandweg 3 &#8211; 18 78343 Gaienhofen Mail info@campingplatz-horn.de Telefon 0049 (0)7735 685 \u00d6ffnungszeiten Campingplatz Ge\u00f6ffnet immer von Gr\u00fcndonnerstag bis 03.Oktober ANREISE bis 18 Uhr!\ufeff Reservierung in der Vor- und Nachsaison erforderlich. . .<\/p>\n","protected":false},"author":1,"featured_media":0,"parent":0,"menu_order":0,"comment_status":"closed","ping_status":"closed","template":"page-templates\/full-width-page.php","meta":{"footnotes":""},"class_list":["post-562","page","type-page","status-publish","hentry"],"_links":{"self":[{"href":"https:\/\/camping-horn.de\/index.php?rest_route=\/wp\/v2\/pages\/562","targetHints":{"allow":["GET"]}}],"collection":[{"href":"https:\/\/camping-horn.de\/index.php?rest_route=\/wp\/v2\/pages"}],"about":[{"href":"https:\/\/camping-horn.de\/index.php?rest_route=\/wp\/v2\/types\/page"}],"author":[{"embeddable":true,"href":"https:\/\/camping-horn.de\/index.php?rest_route=\/wp\/v2\/users\/1"}],"replies":[{"embeddable":true,"href":"https:\/\/camping-horn.de\/index.php?rest_route=%2Fwp%2Fv2%2Fcomments&post=562"}],"version-history":[{"count":20,"href":"https:\/\/camping-horn.de\/index.php?rest_route=\/wp\/v2\/pages\/562\/revisions"}],"predecessor-version":[{"id":5319,"href":"https:\/\/camping-horn.de\/index.php?rest_route=\/wp\/v2\/pages\/562\/revisions\/5319"}],"wp:attachment":[{"href":"https:\/\/camping-horn.de\/index.php?rest_route=%2Fwp%2Fv2%2Fmedia&parent=562"}],"curies":[{"name":"wp","href":"https:\/\/api.w.org\/{rel}","templated":true}]}}