{"id":4508,"date":"2023-08-15T13:39:08","date_gmt":"2023-08-15T13:39:08","guid":{"rendered":"https:\/\/camping-horn.de\/?page_id=4508"},"modified":"2024-09-10T10:10:39","modified_gmt":"2024-09-10T10:10:39","slug":"schlaffass-xl-schlaffass","status":"publish","type":"page","link":"https:\/\/camping-horn.de\/?page_id=4508","title":{"rendered":"Schlaffass &#038; XL-Schlaffass"},"content":{"rendered":"<div data-colibri-id=\"4508-c1\" class=\"style-1574 style-local-4508-c1 position-relative\">\n  <!---->\n  <div data-colibri-component=\"section\" data-colibri-id=\"4508-c2\" id=\"content\" class=\"h-section h-section-global-spacing d-flex align-items-lg-center align-items-md-center align-items-center style-1575 style-local-4508-c2 position-relative\">\n    <!---->\n    <!---->\n    <div class=\"h-section-grid-container h-section-boxed-container\">\n      <div data-colibri-id=\"4508-c20\" class=\"h-row-container gutters-row-lg-2 gutters-row-md-2 gutters-row-2 gutters-row-v-lg-2 gutters-row-v-md-2 gutters-row-v-2 style-1584 style-local-4508-c20 position-relative\">\n        <!---->\n        <div class=\"h-row justify-content-lg-center justify-content-md-center justify-content-center align-items-lg-stretch align-items-md-stretch align-items-stretch gutters-col-lg-2 gutters-col-md-2 gutters-col-2 gutters-col-v-lg-2 gutters-col-v-md-2 gutters-col-v-2\">\n          <!---->\n          <div class=\"h-column h-column-container d-flex h-col-lg-auto h-col-md-auto h-col-auto style-1585-outer style-local-4508-c21-outer\">\n            <div data-colibri-id=\"4508-c21\" class=\"d-flex h-flex-basis h-column__inner h-px-lg-2 h-px-md-2 h-px-2 v-inner-lg-2 v-inner-md-2 v-inner-2 style-1585 style-local-4508-c21 position-relative\">\n              <!---->\n              <!---->\n              <div class=\"w-100 h-y-container h-column__content h-column__v-align flex-basis-100 align-self-lg-start align-self-md-start align-self-start\">\n                <!---->\n                <div data-colibri-id=\"4508-c22\" class=\"h-global-transition-all h-heading style-1586 style-local-4508-c22 position-relative h-element\">\n                  <!---->\n                  <div class=\"h-heading__outer style-1586 style-local-4508-c22\">\n                    <!---->\n                    <!---->\n                    <h2 class=\"\">Entdecke unsere Schlaff\u00e4sser &amp; Schlaff\u00e4sser XL<\/h2>\n                  <\/div>\n                <\/div>\n                <div data-colibri-id=\"4508-c23\" class=\"h-lead h-text h-text-component style-1587 style-local-4508-c23 position-relative h-element\">\n                  <!---->\n                  <!---->\n                  <div class=\"\">\n                    <p>Mehr erleben &#8211; Clever \u00fcbernachten &#8211; Campingplatz Horn\n                      <br>\n                    <\/p>\n                  <\/div>\n                <\/div>\n              <\/div>\n            <\/div>\n          <\/div>\n        <\/div>\n      <\/div>\n      <div data-colibri-id=\"4508-c3\" class=\"h-row-container gutters-row-lg-2 gutters-row-md-2 gutters-row-2 gutters-row-v-lg-2 gutters-row-v-md-2 gutters-row-v-2 style-1576 style-local-4508-c3 position-relative\">\n        <!---->\n        <div class=\"h-row justify-content-lg-center justify-content-md-center justify-content-center align-items-lg-stretch align-items-md-stretch align-items-stretch gutters-col-lg-2 gutters-col-md-2 gutters-col-2 gutters-col-v-lg-2 gutters-col-v-md-2 gutters-col-v-2\">\n          <!---->\n          <div class=\"h-column h-column-container d-flex h-col-lg-auto h-col-md-auto h-col-auto style-1577-outer style-local-4508-c4-outer\">\n            <div data-colibri-id=\"4508-c4\" class=\"d-flex h-flex-basis h-column__inner h-px-lg-0 h-px-md-0 h-px-0 v-inner-lg-0 v-inner-md-0 v-inner-0 style-1577 style-local-4508-c4 position-relative\">\n              <!---->\n              <!---->\n              <div class=\"w-100 h-y-container h-column__content h-column__v-align flex-basis-100 align-self-lg-start align-self-md-start align-self-start\">\n                <!---->\n                <div data-colibri-id=\"4508-c5\" class=\"h-row-container gutters-row-lg-2 gutters-row-md-2 gutters-row-2 gutters-row-v-lg-2 gutters-row-v-md-2 gutters-row-v-2 style-1578 style-local-4508-c5 position-relative\">\n                  <!---->\n                  <div class=\"h-row justify-content-lg-center justify-content-md-center justify-content-center align-items-lg-stretch align-items-md-stretch align-items-stretch gutters-col-lg-2 gutters-col-md-2 gutters-col-2 gutters-col-v-lg-2 gutters-col-v-md-2 gutters-col-v-2\">\n                    <!---->\n                    <div class=\"h-column h-column-container d-flex h-col-lg-auto h-col-md-auto h-col-auto style-1579-outer style-local-4508-c6-outer\">\n                      <div data-colibri-id=\"4508-c6\" class=\"d-flex h-flex-basis h-column__inner h-px-lg-0 h-px-md-0 h-px-0 v-inner-lg-0 v-inner-md-0 v-inner-0 style-1579 style-local-4508-c6 position-relative\">\n                        <!---->\n                        <!---->\n                        <div class=\"w-100 h-y-container h-column__content h-column__v-align flex-basis-100 align-self-lg-center align-self-md-center align-self-center\">\n                          <!---->\n                          <div data-colibri-id=\"4508-c7\" class=\"h-global-transition-all h-heading style-1580 style-local-4508-c7 position-relative h-element\">\n                            <!---->\n                            <div class=\"h-heading__outer style-1580 style-local-4508-c7\">\n                              <!---->\n                              <!---->\n                              <h4 class=\"\"><span style=\"color: rgb(193, 36, 4);\">Schlaffass<\/span><\/h4>\n                            <\/div>\n                          <\/div>\n                          <div data-colibri-id=\"4508-c8\" class=\"h-text h-text-component style-1581 style-local-4508-c8 position-relative h-element\">\n                            <!---->\n                            <!---->\n                            <div class=\"\">\n                              <p>Clever \u00fcbernachten mit Blick auf den See<\/p>\n                              <p>F\u00fcr bis zu 4 Personen.&nbsp;<\/p>\n                              <p><span style=\"color: rgb(70, 112, 127); font-family: Open Sans; font-size: 16px;\">Ein Doppelbett (2x2m)&nbsp;<\/span>und zwei Zusatzbetten (70x210cm) bieten Platz f\u00fcr einen erholsamen Schlaf. Die Zusatzbetten werden am Tag\n                                zu Sitzb\u00e4nken.\n                                <br>\n                              <\/p>\n                              <p><span style=\"color: rgb(70, 112, 127); font-family: Open Sans; font-size: 16px;\">Eine gem\u00fctliche Unterkunft die Spa\u00df macht.<br><\/span><\/p>\n                              <p>Die Betten sind mit einem Spannbettuch bezogen \u2013 Bettzeug\/Schlafsack sind mitzubringen.\n                                <br>\n                                <br>Reservierbar ab drei N\u00e4chten Aufenthalt.\n                                <br>\n                              <\/p>\n                            <\/div>\n                          <\/div>\n                          <div data-colibri-id=\"4508-c9\" class=\"h-x-container style-1602 style-local-4508-c9 position-relative h-element\">\n                            <!---->\n                            <div class=\"h-x-container-inner style-dynamic-4508-c9-group style-1602-spacing style-local-4508-c9-spacing\"><span class=\"h-link__outer style-1601-outer style-local-4508-c10-outer d-inline-flex h-element\"><a h-use-smooth-scroll=\"true\" href=\"https:\/\/camping-horn.de\/?page_id=3003\"  data-colibri-id=\"4508-c10\" class=\"d-flex w-100 align-items-center h-link style-1601 style-local-4508-c10 position-relative\"><!----><span  class=\"h-svg-icon h-link__icon style-1601-icon style-local-4508-c10-icon\"><!--Icon by Font Awesome (https:\/\/fontawesome.com)-->\n    <svg version=\"1.1\" xmlns=\"http:\/\/www.w3.org\/2000\/svg\" xmlns:xlink=\"http:\/\/www.w3.org\/1999\/xlink\" id=\"star\" viewBox=\"0 0 1664 1896.0833\">\n      <path d=\"M1664 647q0 22-26 48l-363 354 86 500q1 7 1 20 0 21-10.5 35.5T1321 1619q-19 0-40-12l-449-236-449 236q-22 12-40 12-21 0-31.5-14.5T301 1569q0-6 2-20l86-500L25 695Q0 668 0 647q0-37 56-46l502-73L783 73q19-41 49-41t49 41l225 455 502 73q56 9 56 46z\"><\/path>\n    <\/svg><\/span> <span>Jetzt Platz am See online buchen<\/span><\/a>\n                              <\/span>\n                            <\/div>\n                          <\/div>\n                        <\/div>\n                      <\/div>\n                    <\/div>\n                    <div class=\"h-column h-column-container d-flex h-col-lg-auto h-col-md-auto h-col-auto style-1582-outer style-local-4508-c11-outer\">\n                      <div data-colibri-id=\"4508-c11\" class=\"d-flex h-flex-basis h-column__inner h-ui-empty-state-container h-px-lg-0 h-px-md-0 h-px-0 v-inner-lg-0 v-inner-md-0 v-inner-0 style-1582 style-local-4508-c11 position-relative\">\n                        <!---->\n                        <!---->\n                        <div class=\"w-100 h-y-container h-column__content h-column__v-align flex-basis-100\">\n                          <!---->\n                        <\/div>\n                      <\/div>\n                    <\/div>\n                  <\/div>\n                <\/div>\n              <\/div>\n            <\/div>\n          <\/div>\n          <div class=\"h-column h-column-container d-flex h-col-lg-auto h-col-md-auto h-col-auto style-1577-outer style-local-4508-c12-outer\">\n            <div data-colibri-id=\"4508-c12\" class=\"d-flex h-flex-basis h-column__inner h-px-lg-0 h-px-md-0 h-px-0 v-inner-lg-0 v-inner-md-0 v-inner-0 style-1577 style-local-4508-c12 position-relative\">\n              <!---->\n              <!---->\n              <div class=\"w-100 h-y-container h-column__content h-column__v-align flex-basis-100 align-self-lg-start align-self-md-start align-self-start\">\n                <!---->\n                <div data-colibri-id=\"4508-c13\" class=\"h-row-container gutters-row-lg-2 gutters-row-md-2 gutters-row-2 gutters-row-v-lg-2 gutters-row-v-md-2 gutters-row-v-2 style-1578 style-local-4508-c13 position-relative\">\n                  <!---->\n                  <div class=\"h-row justify-content-lg-center justify-content-md-center justify-content-center align-items-lg-stretch align-items-md-stretch align-items-stretch gutters-col-lg-2 gutters-col-md-2 gutters-col-2 gutters-col-v-lg-2 gutters-col-v-md-2 gutters-col-v-2\">\n                    <!---->\n                    <div class=\"h-column h-column-container d-flex h-col-lg-auto h-col-md-auto h-col-auto style-1579-outer style-local-4508-c14-outer\">\n                      <div data-colibri-id=\"4508-c14\" class=\"d-flex h-flex-basis h-column__inner h-px-lg-0 h-px-md-0 h-px-0 v-inner-lg-0 v-inner-md-0 v-inner-0 style-1579 style-local-4508-c14 position-relative\">\n                        <!---->\n                        <!---->\n                        <div class=\"w-100 h-y-container h-column__content h-column__v-align flex-basis-100 align-self-lg-center align-self-md-center align-self-center\">\n                          <!---->\n                          <div data-colibri-id=\"4508-c15\" class=\"h-global-transition-all h-heading style-1580 style-local-4508-c15 position-relative h-element\">\n                            <!---->\n                            <div class=\"h-heading__outer style-1580 style-local-4508-c15\">\n                              <!---->\n                              <!---->\n                              <h4 class=\"\"><span style=\"color: rgb(193, 36, 4);\">Schlaffass XL<\/span><\/h4>\n                            <\/div>\n                          <\/div>\n                          <div data-colibri-id=\"4508-c16\" class=\"h-text h-text-component style-1581 style-local-4508-c16 position-relative h-element\">\n                            <!---->\n                            <!---->\n                            <div class=\"\">\n                              <p>Clever \u00fcbernachten mit Blick auf den See\n                                <br>\n                              <\/p>\n                              <p>F\u00fcr bis zu 4 Personen.<\/p>\n                              <p>Ein Doppelbett (2x2m) und zwei Zusatzbetten (70x210cm) bieten Platz f\u00fcr einen erholsamen Schlaf.<\/p>\n                              <p>Die Zusatzbetten sind perfekt verstaut und werden am Tag zu Sitzb\u00e4nken, so dass Sie auch an k\u00fchleren Tagen eine gem\u00fctliche Unterkunft haben.&nbsp;Ein Mini-K\u00fchlschrank rundet das Angebot ab.&nbsp;<\/p>\n                              <p>Die Betten sind mit einem Spannbettuch bezogen \u2013 Bettzeug\/Schlafsack sind mitzubringen.\n                                <br>\n                                <br>Reservierbar ab f\u00fcnf N\u00e4chten Aufenthalt.\n                                <br>\n                              <\/p>\n                            <\/div>\n                          <\/div>\n                          <div data-colibri-id=\"4508-c17\" class=\"h-x-container style-1604 style-local-4508-c17 position-relative h-element\">\n                            <!---->\n                            <div class=\"h-x-container-inner style-dynamic-4508-c17-group style-1604-spacing style-local-4508-c17-spacing\"><span class=\"h-link__outer style-1601-outer style-local-4508-c18-outer d-inline-flex h-element\"><a h-use-smooth-scroll=\"true\" href=\"https:\/\/camping-horn.de\/?page_id=3003\"  data-colibri-id=\"4508-c18\" class=\"d-flex w-100 align-items-center h-link style-1601 style-local-4508-c18 position-relative\"><!----><span  class=\"h-svg-icon h-link__icon style-1601-icon style-local-4508-c18-icon\"><!--Icon by Font Awesome (https:\/\/fontawesome.com)-->\n    <svg version=\"1.1\" xmlns=\"http:\/\/www.w3.org\/2000\/svg\" xmlns:xlink=\"http:\/\/www.w3.org\/1999\/xlink\" id=\"star\" viewBox=\"0 0 1664 1896.0833\">\n      <path d=\"M1664 647q0 22-26 48l-363 354 86 500q1 7 1 20 0 21-10.5 35.5T1321 1619q-19 0-40-12l-449-236-449 236q-22 12-40 12-21 0-31.5-14.5T301 1569q0-6 2-20l86-500L25 695Q0 668 0 647q0-37 56-46l502-73L783 73q19-41 49-41t49 41l225 455 502 73q56 9 56 46z\"><\/path>\n    <\/svg><\/span> <span>Jetzt Platz am See online buchen<\/span><\/a>\n                              <\/span>\n                            <\/div>\n                          <\/div>\n                        <\/div>\n                      <\/div>\n                    <\/div>\n                    <div class=\"h-column h-column-container d-flex h-col-lg-auto h-col-md-auto h-col-auto style-1583-outer style-local-4508-c19-outer\">\n                      <div data-colibri-id=\"4508-c19\" class=\"d-flex h-flex-basis h-column__inner h-ui-empty-state-container h-px-lg-0 h-px-md-0 h-px-0 v-inner-lg-0 v-inner-md-0 v-inner-0 style-1583 style-local-4508-c19 position-relative\">\n                        <!---->\n                        <!---->\n                        <div class=\"w-100 h-y-container h-column__content h-column__v-align flex-basis-100\">\n                          <!---->\n                        <\/div>\n                      <\/div>\n                    <\/div>\n                  <\/div>\n                <\/div>\n              <\/div>\n            <\/div>\n          <\/div>\n        <\/div>\n      <\/div>\n    <\/div>\n  <\/div>\n  <div data-colibri-component=\"section\" data-colibri-id=\"4508-c24\" id=\"custom-2\" class=\"h-section h-section-global-spacing d-flex align-items-lg-center align-items-md-center align-items-center style-1588 style-local-4508-c24 position-relative\">\n    <!---->\n    <!---->\n    <div class=\"h-section-grid-container h-section-boxed-container\">\n      <!---->\n      <div data-colibri-id=\"4508-c25\" class=\"h-row-container gutters-row-lg-2 gutters-row-md-2 gutters-row-0 gutters-row-v-lg-2 gutters-row-v-md-2 gutters-row-v-2 style-1589 style-local-4508-c25 position-relative\">\n        <!---->\n        <div class=\"h-row justify-content-lg-center justify-content-md-center justify-content-center align-items-lg-stretch align-items-md-stretch align-items-stretch gutters-col-lg-2 gutters-col-md-2 gutters-col-0 gutters-col-v-lg-2 gutters-col-v-md-2 gutters-col-v-2\">\n          <!---->\n          <div class=\"h-column h-column-container d-flex h-col-lg-auto h-col-md-auto h-col-auto style-1590-outer style-local-4508-c26-outer\">\n            <div data-colibri-id=\"4508-c26\" class=\"d-flex h-flex-basis h-column__inner h-px-lg-2 h-px-md-2 h-px-2 v-inner-lg-2 v-inner-md-2 v-inner-2 style-1590 style-local-4508-c26 position-relative\">\n              <!---->\n              <!---->\n              <div class=\"w-100 h-y-container h-column__content h-column__v-align flex-basis-100 align-self-lg-start align-self-md-start align-self-start\">\n                <!---->\n                <div data-colibri-id=\"4508-c27\" class=\"h-text h-text-component style-1591 style-local-4508-c27 position-relative h-element\">\n                  <!---->\n                  <!---->\n                  <div class=\"\">\n                    <p><span style=\"color: rgb(193, 36, 4);\">Urlaub gemeinsam genie\u00dfen<br><\/span><\/p>\n                    <p>Mit Blick auf den Bodensee \u00fcbernachten Sie gem\u00fctlich in unseren Campingf\u00e4ssern.\n                      <br>Eine urige \u00dcbernachtungsm\u00f6glichkeit die Spa\u00df macht.&nbsp;<span style=\"color: rgb(70, 112, 127); font-family: Open Sans; font-size: 16px;\">Auf Komfort muss dabei nicht verzichtet werden.&nbsp;<\/span>\n                      <br>Besonders Kinder lieben die abenteuerlichen N\u00e4chte im Campingfass.\n                      <br>\n                    <\/p>\n                    <p>Sitzb\u00e4nke stehen im Freibereich zur Verf\u00fcgung. Entspannen Sie in der Sonne und genie\u00dfen Sie den herrlichen Ausblick auf das glitzernde Wasser des romantischen Untersees.<\/p>\n                    <p>Bitte beachten Sie dass es sich bei den Campingf\u00e4ssern um Nichtraucherunterk\u00fcnfte handelt. Haustiere sind nicht erlaubt.<\/p>\n                  <\/div>\n                <\/div>\n              <\/div>\n            <\/div>\n          <\/div>\n        <\/div>\n      <\/div>\n    <\/div>\n  <\/div>\n  <div data-colibri-component=\"section\" data-colibri-id=\"4508-c28\" id=\"about\" class=\"h-section h-section-global-spacing d-flex align-items-lg-center align-items-md-center align-items-center style-1593 style-local-4508-c28 position-relative\">\n    <!---->\n    <!---->\n    <div class=\"h-section-grid-container h-section-boxed-container\">\n      <!---->\n      <div data-colibri-id=\"4508-c29\" class=\"h-row-container gutters-row-lg-0 gutters-row-md-0 gutters-row-0 gutters-row-v-lg-0 gutters-row-v-md-0 gutters-row-v-0 style-1594 style-local-4508-c29 h-overflow-hidden position-relative\">\n        <!---->\n        <div class=\"h-row justify-content-lg-center justify-content-md-center justify-content-center align-items-lg-end align-items-md-end align-items-end gutters-col-lg-0 gutters-col-md-0 gutters-col-0 gutters-col-v-lg-0 gutters-col-v-md-0 gutters-col-v-0\">\n          <!---->\n          <div class=\"h-column h-column-container d-flex h-col-lg-auto h-col-md-auto h-col-auto align-self-lg-end align-self-md-end align-self-end style-1595-outer style-local-4508-c30-outer\">\n            <div data-colibri-id=\"4508-c30\" class=\"d-flex h-flex-basis h-column__inner h-ui-empty-state-container h-px-lg-0 h-px-md-0 h-px-0 v-inner-lg-0 v-inner-md-0 v-inner-0 style-1595 style-local-4508-c30 position-relative\">\n              <!---->\n              <!---->\n              <div class=\"w-100 h-y-container h-column__content h-column__v-align flex-basis-100\">\n                <!---->\n              <\/div>\n            <\/div>\n          <\/div>\n          <div class=\"h-column h-column-container d-flex h-col-lg-auto h-col-md-auto h-col-auto align-self-lg-end align-self-md-end align-self-end style-1596-outer style-local-4508-c31-outer\">\n            <div data-colibri-id=\"4508-c31\" class=\"d-flex h-flex-basis h-column__inner h-ui-empty-state-container h-px-lg-0 h-px-md-0 h-px-0 v-inner-lg-0 v-inner-md-0 v-inner-0 style-1596 style-local-4508-c31 position-relative\">\n              <!---->\n              <!---->\n              <div class=\"w-100 h-y-container h-column__content h-column__v-align flex-basis-100\">\n                <!---->\n              <\/div>\n            <\/div>\n          <\/div>\n          <div class=\"h-column h-column-container d-flex h-col-lg-auto h-col-md-auto h-col-auto align-self-lg-end align-self-md-end align-self-end style-1597-outer style-local-4508-c32-outer\">\n            <div data-colibri-id=\"4508-c32\" class=\"d-flex h-flex-basis h-column__inner h-ui-empty-state-container h-px-lg-0 h-px-md-0 h-px-0 v-inner-lg-0 v-inner-md-0 v-inner-0 style-1597 style-local-4508-c32 position-relative\">\n              <!---->\n              <!---->\n              <div class=\"w-100 h-y-container h-column__content h-column__v-align flex-basis-100\">\n                <!---->\n              <\/div>\n            <\/div>\n          <\/div>\n        <\/div>\n      <\/div>\n    <\/div>\n  <\/div>\n<\/div>","protected":false},"excerpt":{"rendered":"<p>Entdecke unsere Schlaff\u00e4sser &amp; Schlaff\u00e4sser XL Mehr erleben &#8211; Clever \u00fcbernachten &#8211; Campingplatz Horn Schlaffass Clever \u00fcbernachten mit Blick auf den See F\u00fcr bis zu 4 Personen.&nbsp; Ein Doppelbett (2x2m)&nbsp;und zwei Zusatzbetten (70x210cm) bieten Platz f\u00fcr einen erholsamen Schlaf. Die Zusatzbetten werden am Tag zu Sitzb\u00e4nken. Eine gem\u00fctliche Unterkunft die Spa\u00df macht. Die Betten sind [&hellip;]<\/p>\n","protected":false},"author":1,"featured_media":0,"parent":0,"menu_order":0,"comment_status":"closed","ping_status":"closed","template":"page-templates\/full-width-page.php","meta":{"footnotes":""},"class_list":["post-4508","page","type-page","status-publish","hentry"],"_links":{"self":[{"href":"https:\/\/camping-horn.de\/index.php?rest_route=\/wp\/v2\/pages\/4508","targetHints":{"allow":["GET"]}}],"collection":[{"href":"https:\/\/camping-horn.de\/index.php?rest_route=\/wp\/v2\/pages"}],"about":[{"href":"https:\/\/camping-horn.de\/index.php?rest_route=\/wp\/v2\/types\/page"}],"author":[{"embeddable":true,"href":"https:\/\/camping-horn.de\/index.php?rest_route=\/wp\/v2\/users\/1"}],"replies":[{"embeddable":true,"href":"https:\/\/camping-horn.de\/index.php?rest_route=%2Fwp%2Fv2%2Fcomments&post=4508"}],"version-history":[{"count":10,"href":"https:\/\/camping-horn.de\/index.php?rest_route=\/wp\/v2\/pages\/4508\/revisions"}],"predecessor-version":[{"id":5275,"href":"https:\/\/camping-horn.de\/index.php?rest_route=\/wp\/v2\/pages\/4508\/revisions\/5275"}],"wp:attachment":[{"href":"https:\/\/camping-horn.de\/index.php?rest_route=%2Fwp%2Fv2%2Fmedia&parent=4508"}],"curies":[{"name":"wp","href":"https:\/\/api.w.org\/{rel}","templated":true}]}}