{"id":4469,"date":"2023-07-11T10:14:40","date_gmt":"2023-07-11T10:14:40","guid":{"rendered":"https:\/\/camping-horn.de\/?page_id=4469"},"modified":"2026-02-18T12:40:29","modified_gmt":"2026-02-18T12:40:29","slug":"zelt","status":"publish","type":"page","link":"https:\/\/camping-horn.de\/?page_id=4469","title":{"rendered":"Zeltpl\u00e4tze\/-wiese"},"content":{"rendered":"<div data-colibri-id=\"4469-c1\" class=\"style-1538 style-local-4469-c1 position-relative\">\r\n  <!---->\r\n  <div data-colibri-component=\"section\" data-colibri-id=\"4469-c2\" id=\"content\" class=\"h-section h-section-global-spacing d-flex align-items-lg-center align-items-md-center align-items-center style-1539 style-local-4469-c2 position-relative\">\r\n    <!---->\r\n    <!---->\r\n    <div class=\"h-section-grid-container h-section-boxed-container\">\r\n      <div data-colibri-id=\"4469-c20\" class=\"h-row-container gutters-row-lg-2 gutters-row-md-2 gutters-row-2 gutters-row-v-lg-2 gutters-row-v-md-2 gutters-row-v-2 style-1548 style-local-4469-c20 position-relative\">\r\n        <!---->\r\n        <div class=\"h-row justify-content-lg-center justify-content-md-center justify-content-center align-items-lg-stretch align-items-md-stretch align-items-stretch gutters-col-lg-2 gutters-col-md-2 gutters-col-2 gutters-col-v-lg-2 gutters-col-v-md-2 gutters-col-v-2\">\r\n          <!---->\r\n          <div class=\"h-column h-column-container d-flex h-col-lg-auto h-col-md-auto h-col-auto style-1549-outer style-local-4469-c21-outer\">\r\n            <div data-colibri-id=\"4469-c21\" class=\"d-flex h-flex-basis h-column__inner h-px-lg-2 h-px-md-2 h-px-2 v-inner-lg-2 v-inner-md-2 v-inner-2 style-1549 style-local-4469-c21 position-relative\">\r\n              <!---->\r\n              <!---->\r\n              <div class=\"w-100 h-y-container h-column__content h-column__v-align flex-basis-100 align-self-lg-start align-self-md-start align-self-start\">\r\n                <!---->\r\n                <div data-colibri-id=\"4469-c22\" class=\"h-global-transition-all h-heading style-1550 style-local-4469-c22 position-relative h-element\">\r\n                  <!---->\r\n                  <div class=\"h-heading__outer style-1550 style-local-4469-c22\">\r\n                    <!---->\r\n                    <!---->\r\n                    <h2 class=\"\">Pl\u00e4tze f\u00fcr Zelte <\/h2>\r\n                  <\/div>\r\n                <\/div>\r\n                <div data-colibri-id=\"4469-c23\" class=\"h-lead h-text h-text-component style-1551 style-local-4469-c23 position-relative h-element\">\r\n                  <!---->\r\n                  <!---->\r\n                  <div class=\"\">\r\n                    <p>Zeltpl\u00e4tze &#8211; Kategorien &#8211; Campingplatz Horn\r\n                      <br>\r\n                    <\/p>\r\n                  <\/div>\r\n                <\/div>\r\n              <\/div>\r\n            <\/div>\r\n          <\/div>\r\n        <\/div>\r\n      <\/div>\r\n      <div data-colibri-id=\"4469-c3\" class=\"h-row-container gutters-row-lg-2 gutters-row-md-2 gutters-row-2 gutters-row-v-lg-2 gutters-row-v-md-2 gutters-row-v-2 style-1540 style-local-4469-c3 position-relative\">\r\n        <!---->\r\n        <div class=\"h-row justify-content-lg-center justify-content-md-center justify-content-center align-items-lg-stretch align-items-md-stretch align-items-stretch gutters-col-lg-2 gutters-col-md-2 gutters-col-2 gutters-col-v-lg-2 gutters-col-v-md-2 gutters-col-v-2\">\r\n          <!---->\r\n          <div class=\"h-column h-column-container d-flex h-col-lg-auto h-col-md-auto h-col-auto style-1541-outer style-local-4469-c4-outer\">\r\n            <div data-colibri-id=\"4469-c4\" class=\"d-flex h-flex-basis h-column__inner h-px-lg-0 h-px-md-0 h-px-0 v-inner-lg-0 v-inner-md-0 v-inner-0 style-1541 style-local-4469-c4 position-relative\">\r\n              <!---->\r\n              <!---->\r\n              <div class=\"w-100 h-y-container h-column__content h-column__v-align flex-basis-100 align-self-lg-start align-self-md-start align-self-start\">\r\n                <!---->\r\n                <div data-colibri-id=\"4469-c5\" class=\"h-row-container gutters-row-lg-2 gutters-row-md-2 gutters-row-2 gutters-row-v-lg-2 gutters-row-v-md-2 gutters-row-v-2 style-1542 style-local-4469-c5 position-relative\">\r\n                  <!---->\r\n                  <div class=\"h-row justify-content-lg-center justify-content-md-center justify-content-center align-items-lg-stretch align-items-md-stretch align-items-stretch gutters-col-lg-2 gutters-col-md-2 gutters-col-2 gutters-col-v-lg-2 gutters-col-v-md-2 gutters-col-v-2\">\r\n                    <!---->\r\n                    <div class=\"h-column h-column-container d-flex h-col-lg-auto h-col-md-auto h-col-auto style-1543-outer style-local-4469-c6-outer\">\r\n                      <div data-colibri-id=\"4469-c6\" class=\"d-flex h-flex-basis h-column__inner h-px-lg-0 h-px-md-0 h-px-0 v-inner-lg-0 v-inner-md-0 v-inner-0 style-1543 style-local-4469-c6 position-relative\">\r\n                        <!---->\r\n                        <!---->\r\n                        <div class=\"w-100 h-y-container h-column__content h-column__v-align flex-basis-100 align-self-lg-center align-self-md-center align-self-center\">\r\n                          <!---->\r\n                          <div data-colibri-id=\"4469-c7\" class=\"h-global-transition-all h-heading style-1544 style-local-4469-c7 position-relative h-element\">\r\n                            <!---->\r\n                            <div class=\"h-heading__outer style-1544 style-local-4469-c7\">\r\n                              <!---->\r\n                              <!---->\r\n                              <h4 class=\"\"><span style=\"color: rgb(193, 36, 4);\">Zeltwiese<\/span><\/h4>\r\n                            <\/div>\r\n                          <\/div>\r\n                          <div data-colibri-id=\"4469-c8\" class=\"h-text h-text-component style-1545 style-local-4469-c8 position-relative h-element\">\r\n                            <!---->\r\n                            <!---->\r\n                            <div class=\"\">\r\n                              <p>Zeltwiese &#8211; unparzelliert\r\n                                <br>Platz auf der Zeltwiese ohne Strom oder mit Strom (Zeltwiese +) f\u00fcr Kleinzelte bis max. 2,5 x 2,5 m\r\n                                <br> Ausschlie\u00dflich f\u00fcr Zelte geeignet.<\/p>\r\n                              <p>Die Zeltwiesen sind nicht mit dem Auto befahrbar.\r\n                                <br>\r\n                              <\/p>\r\n                              <p>Reservierbar ab drei N\u00e4chten Aufenthalt.\r\n                                <br>\r\n                              <\/p>\r\n                              <p>\r\n                                <br>\r\n                              <\/p>\r\n                            <\/div>\r\n                          <\/div>\r\n                          <div data-colibri-id=\"4469-c9\" class=\"h-x-container style-1605 style-local-4469-c9 position-relative h-element\">\r\n                            <!---->\r\n                            <div class=\"h-x-container-inner style-dynamic-4469-c9-group style-1605-spacing style-local-4469-c9-spacing\"><span class=\"h-link__outer style-1601-outer style-local-4469-c10-outer d-inline-flex h-element\"><a h-use-smooth-scroll=\"true\" href=\"https:\/\/camping-horn.de\/?page_id=3003\"  data-colibri-id=\"4469-c10\" class=\"d-flex w-100 align-items-center h-link style-1601 style-local-4469-c10 position-relative\"><!----><span  class=\"h-svg-icon h-link__icon style-1601-icon style-local-4469-c10-icon\"><!--Icon by Font Awesome (https:\/\/fontawesome.com)-->\r\n    <svg version=\"1.1\" xmlns=\"http:\/\/www.w3.org\/2000\/svg\" xmlns:xlink=\"http:\/\/www.w3.org\/1999\/xlink\" id=\"star\" viewBox=\"0 0 1664 1896.0833\">\r\n      <path d=\"M1664 647q0 22-26 48l-363 354 86 500q1 7 1 20 0 21-10.5 35.5T1321 1619q-19 0-40-12l-449-236-449 236q-22 12-40 12-21 0-31.5-14.5T301 1569q0-6 2-20l86-500L25 695Q0 668 0 647q0-37 56-46l502-73L783 73q19-41 49-41t49 41l225 455 502 73q56 9 56 46z\"><\/path>\r\n    <\/svg><\/span> <span>Jetzt Platz am See online buchen<\/span><\/a>\r\n                              <\/span>\r\n                            <\/div>\r\n                          <\/div>\r\n                        <\/div>\r\n                      <\/div>\r\n                    <\/div>\r\n                    <div class=\"h-column h-column-container d-flex h-col-lg-auto h-col-md-auto h-col-auto style-1546-outer style-local-4469-c11-outer\">\r\n                      <div data-colibri-id=\"4469-c11\" class=\"d-flex h-flex-basis h-column__inner h-ui-empty-state-container h-px-lg-0 h-px-md-0 h-px-0 v-inner-lg-0 v-inner-md-0 v-inner-0 style-1546 style-local-4469-c11 position-relative\">\r\n                        <!---->\r\n                        <!---->\r\n                        <div class=\"w-100 h-y-container h-column__content h-column__v-align flex-basis-100\">\r\n                          <!---->\r\n                        <\/div>\r\n                      <\/div>\r\n                    <\/div>\r\n                  <\/div>\r\n                <\/div>\r\n              <\/div>\r\n            <\/div>\r\n          <\/div>\r\n          <div class=\"h-column h-column-container d-flex h-col-lg-auto h-col-md-auto h-col-auto style-1541-outer style-local-4469-c12-outer\">\r\n            <div data-colibri-id=\"4469-c12\" class=\"d-flex h-flex-basis h-column__inner h-px-lg-0 h-px-md-0 h-px-0 v-inner-lg-0 v-inner-md-0 v-inner-0 style-1541 style-local-4469-c12 position-relative\">\r\n              <!---->\r\n              <!---->\r\n              <div class=\"w-100 h-y-container h-column__content h-column__v-align flex-basis-100 align-self-lg-start align-self-md-start align-self-start\">\r\n                <!---->\r\n                <div data-colibri-id=\"4469-c13\" class=\"h-row-container gutters-row-lg-2 gutters-row-md-2 gutters-row-2 gutters-row-v-lg-2 gutters-row-v-md-2 gutters-row-v-2 style-1542 style-local-4469-c13 position-relative\">\r\n                  <!---->\r\n                  <div class=\"h-row justify-content-lg-center justify-content-md-center justify-content-center align-items-lg-stretch align-items-md-stretch align-items-stretch gutters-col-lg-2 gutters-col-md-2 gutters-col-2 gutters-col-v-lg-2 gutters-col-v-md-2 gutters-col-v-2\">\r\n                    <!---->\r\n                    <div class=\"h-column h-column-container d-flex h-col-lg-auto h-col-md-auto h-col-auto style-1543-outer style-local-4469-c14-outer\">\r\n                      <div data-colibri-id=\"4469-c14\" class=\"d-flex h-flex-basis h-column__inner h-px-lg-0 h-px-md-0 h-px-0 v-inner-lg-0 v-inner-md-0 v-inner-0 style-1543 style-local-4469-c14 position-relative\">\r\n                        <!---->\r\n                        <!---->\r\n                        <div class=\"w-100 h-y-container h-column__content h-column__v-align flex-basis-100 align-self-lg-center align-self-md-center align-self-center\">\r\n                          <!---->\r\n                          <div data-colibri-id=\"4469-c15\" class=\"h-global-transition-all h-heading style-1544 style-local-4469-c15 position-relative h-element\">\r\n                            <!---->\r\n                            <div class=\"h-heading__outer style-1544 style-local-4469-c15\">\r\n                              <!---->\r\n                              <!---->\r\n                              <h4 class=\"\"><span style=\"color: rgb(193, 36, 4);\">Standplatz Zelt<\/span><\/h4>\r\n                            <\/div>\r\n                          <\/div>\r\n                          <div data-colibri-id=\"4469-c16\" class=\"h-text h-text-component style-1545 style-local-4469-c16 position-relative h-element\">\r\n                            <!---->\r\n                            <!---->\r\n                            <div class=\"\">\r\n                              <p>Standplatz ausschie\u00dflich f\u00fcr Zelte\r\n                                <br> Normalzelt \/ Familienzelt max. 5,5 x 5,5 m inkl. Abspannung, Stromanschluss CEE-Stecker erforderlich<\/p>\r\n                              <p>Separater Bereich, ausserhalb der Inseln gelegen.<\/p>\r\n                              <p>Die Standpl\u00e4tze Zelt sind nicht mit dem Auto befahrbar.<\/p>\r\n                              <p>Reservierbar ab drei N\u00e4chten Aufenthalt.<\/p>\r\n                            <\/div>\r\n                          <\/div>\r\n                          <div data-colibri-id=\"4469-c17\" class=\"h-x-container style-1607 style-local-4469-c17 position-relative h-element\">\r\n                            <!---->\r\n                            <div class=\"h-x-container-inner style-dynamic-4469-c17-group style-1607-spacing style-local-4469-c17-spacing\"><span class=\"h-link__outer style-1601-outer style-local-4469-c18-outer d-inline-flex h-element\"><a h-use-smooth-scroll=\"true\" href=\"https:\/\/camping-horn.de\/?page_id=3003\"  data-colibri-id=\"4469-c18\" class=\"d-flex w-100 align-items-center h-link style-1601 style-local-4469-c18 position-relative\"><!----><span  class=\"h-svg-icon h-link__icon style-1601-icon style-local-4469-c18-icon\"><!--Icon by Font Awesome (https:\/\/fontawesome.com)-->\r\n    <svg version=\"1.1\" xmlns=\"http:\/\/www.w3.org\/2000\/svg\" xmlns:xlink=\"http:\/\/www.w3.org\/1999\/xlink\" id=\"star\" viewBox=\"0 0 1664 1896.0833\">\r\n      <path d=\"M1664 647q0 22-26 48l-363 354 86 500q1 7 1 20 0 21-10.5 35.5T1321 1619q-19 0-40-12l-449-236-449 236q-22 12-40 12-21 0-31.5-14.5T301 1569q0-6 2-20l86-500L25 695Q0 668 0 647q0-37 56-46l502-73L783 73q19-41 49-41t49 41l225 455 502 73q56 9 56 46z\"><\/path>\r\n    <\/svg><\/span> <span>Jetzt Platz am See online buchen<\/span><\/a>\r\n                              <\/span>\r\n                            <\/div>\r\n                          <\/div>\r\n                        <\/div>\r\n                      <\/div>\r\n                    <\/div>\r\n                    <div class=\"h-column h-column-container d-flex h-col-lg-auto h-col-md-auto h-col-auto style-1547-outer style-local-4469-c19-outer\">\r\n                      <div data-colibri-id=\"4469-c19\" class=\"d-flex h-flex-basis h-column__inner h-ui-empty-state-container h-px-lg-0 h-px-md-0 h-px-0 v-inner-lg-0 v-inner-md-0 v-inner-0 style-1547 style-local-4469-c19 position-relative\">\r\n                        <!---->\r\n                        <!---->\r\n                        <div class=\"w-100 h-y-container h-column__content h-column__v-align flex-basis-100\">\r\n                          <!---->\r\n                        <\/div>\r\n                      <\/div>\r\n                    <\/div>\r\n                  <\/div>\r\n                <\/div>\r\n              <\/div>\r\n            <\/div>\r\n          <\/div>\r\n        <\/div>\r\n      <\/div>\r\n    <\/div>\r\n  <\/div>\r\n  <div data-colibri-component=\"section\" data-colibri-id=\"4469-c24\" id=\"custom-2\" class=\"h-section h-section-global-spacing d-flex align-items-lg-center align-items-md-center align-items-center style-1552 style-local-4469-c24 position-relative\">\r\n    <!---->\r\n    <!---->\r\n    <div class=\"h-section-grid-container h-section-boxed-container\">\r\n      <!---->\r\n      <div data-colibri-id=\"4469-c25\" class=\"h-row-container gutters-row-lg-2 gutters-row-md-2 gutters-row-0 gutters-row-v-lg-2 gutters-row-v-md-2 gutters-row-v-2 style-1553 style-local-4469-c25 position-relative\">\r\n        <!---->\r\n        <div class=\"h-row justify-content-lg-center justify-content-md-center justify-content-center align-items-lg-stretch align-items-md-stretch align-items-stretch gutters-col-lg-2 gutters-col-md-2 gutters-col-0 gutters-col-v-lg-2 gutters-col-v-md-2 gutters-col-v-2\">\r\n          <!---->\r\n          <div class=\"h-column h-column-container d-flex h-col-lg-auto h-col-md-auto h-col-auto style-1554-outer style-local-4469-c26-outer\">\r\n            <div data-colibri-id=\"4469-c26\" class=\"d-flex h-flex-basis h-column__inner h-px-lg-2 h-px-md-2 h-px-2 v-inner-lg-2 v-inner-md-2 v-inner-2 style-1554 style-local-4469-c26 position-relative\">\r\n              <!---->\r\n              <!---->\r\n              <div class=\"w-100 h-y-container h-column__content h-column__v-align flex-basis-100 align-self-lg-start align-self-md-start align-self-start\">\r\n                <!---->\r\n                <div data-colibri-id=\"4469-c27\" class=\"h-text h-text-component style-1555 style-local-4469-c27 position-relative h-element\">\r\n                  <!---->\r\n                  <!---->\r\n                  <div class=\"\">\r\n                    <p><span style=\"color: rgb(193, 36, 4);\">Allgemeines<\/span><\/p>\r\n                    <p>Wir verf\u00fcgen \u00fcber insgesamt drei Zeltbereiche f\u00fcr Kleinzelte bis max. 2,5&#215;2,5m &#8211; davon eine Zeltwiese mit Strom (buchbar als Zeltwiese +). Ideal auch f\u00fcr Radfahrer die auf dem Bodenseeradweg einen Stop einlegen m\u00f6chten.<\/p>\r\n                    <p>F\u00fcr gr\u00f6\u00dfere Zelte bis 5,5x 5,5m inkl. Abspannung stehen Zeltpl\u00e4tze zur Verf\u00fcgung. Buchen Sie in diesem Fall die Kategorie &#8222;Zeltplatz&#8220;. Diese befinden sich in separaten Bereichen ausserhalb der Inseln und sind am Platzplan mit &#8222;ZP&#8220;\r\n                      gekennzeichnet.<\/p>\r\n                  <\/div>\r\n                <\/div>\r\n              <\/div>\r\n            <\/div>\r\n          <\/div>\r\n        <\/div>\r\n      <\/div>\r\n    <\/div>\r\n  <\/div>\r\n<\/div>","protected":false},"excerpt":{"rendered":"<p>Pl\u00e4tze f\u00fcr Zelte Zeltpl\u00e4tze &#8211; Kategorien &#8211; Campingplatz Horn Zeltwiese Zeltwiese &#8211; unparzelliert Platz auf der Zeltwiese ohne Strom oder mit Strom (Zeltwiese +) f\u00fcr Kleinzelte bis max. 2,5 x 2,5 m Ausschlie\u00dflich f\u00fcr Zelte geeignet. Die Zeltwiesen sind nicht mit dem Auto befahrbar. Reservierbar ab drei N\u00e4chten Aufenthalt. Jetzt Platz am See online buchen [&hellip;]<\/p>\n","protected":false},"author":1,"featured_media":0,"parent":0,"menu_order":0,"comment_status":"closed","ping_status":"closed","template":"page-templates\/full-width-page.php","meta":{"footnotes":""},"class_list":["post-4469","page","type-page","status-publish","hentry"],"_links":{"self":[{"href":"https:\/\/camping-horn.de\/index.php?rest_route=\/wp\/v2\/pages\/4469","targetHints":{"allow":["GET"]}}],"collection":[{"href":"https:\/\/camping-horn.de\/index.php?rest_route=\/wp\/v2\/pages"}],"about":[{"href":"https:\/\/camping-horn.de\/index.php?rest_route=\/wp\/v2\/types\/page"}],"author":[{"embeddable":true,"href":"https:\/\/camping-horn.de\/index.php?rest_route=\/wp\/v2\/users\/1"}],"replies":[{"embeddable":true,"href":"https:\/\/camping-horn.de\/index.php?rest_route=%2Fwp%2Fv2%2Fcomments&post=4469"}],"version-history":[{"count":9,"href":"https:\/\/camping-horn.de\/index.php?rest_route=\/wp\/v2\/pages\/4469\/revisions"}],"predecessor-version":[{"id":5729,"href":"https:\/\/camping-horn.de\/index.php?rest_route=\/wp\/v2\/pages\/4469\/revisions\/5729"}],"wp:attachment":[{"href":"https:\/\/camping-horn.de\/index.php?rest_route=%2Fwp%2Fv2%2Fmedia&parent=4469"}],"curies":[{"name":"wp","href":"https:\/\/api.w.org\/{rel}","templated":true}]}}