{"id":3003,"date":"2021-04-01T08:09:31","date_gmt":"2021-04-01T08:09:31","guid":{"rendered":"http:\/\/camping-horn.de\/?page_id=3003"},"modified":"2025-06-18T15:11:37","modified_gmt":"2025-06-18T15:11:37","slug":"buchungneu","status":"publish","type":"page","link":"https:\/\/camping-horn.de\/?page_id=3003","title":{"rendered":"BuchungOBP"},"content":{"rendered":"<div data-colibri-id=\"3003-c1\" class=\"style-1264 style-local-3003-c1 position-relative\">\n  <!---->\n  <div data-colibri-component=\"section\" data-colibri-id=\"3003-c2\" id=\"custom\" class=\"h-section h-section-global-spacing d-flex align-items-lg-center align-items-md-center align-items-center style-1303 style-local-3003-c2 position-relative\">\n    <!---->\n    <!---->\n    <div class=\"h-section-grid-container h-section-fluid-container\">\n      <!---->\n      <div data-colibri-id=\"3003-c3\" class=\"h-row-container gutters-row-lg-2 gutters-row-md-2 gutters-row-0 gutters-row-v-lg-2 gutters-row-v-md-2 gutters-row-v-2 style-1307 style-local-3003-c3 position-relative\">\n        <!---->\n        <div class=\"h-row justify-content-lg-center justify-content-md-center justify-content-center align-items-lg-stretch align-items-md-stretch align-items-stretch gutters-col-lg-2 gutters-col-md-2 gutters-col-0 gutters-col-v-lg-2 gutters-col-v-md-2 gutters-col-v-2\">\n          <!---->\n          <div class=\"h-column h-column-container d-flex h-col-lg-auto h-col-md-auto h-col-auto style-1308-outer style-local-3003-c4-outer\">\n            <div data-colibri-id=\"3003-c4\" class=\"d-flex h-flex-basis h-column__inner h-px-lg-2 h-px-md-2 h-px-2 v-inner-lg-2 v-inner-md-2 v-inner-2 style-1308 style-local-3003-c4 position-relative\">\n              <!---->\n              <!---->\n              <div class=\"w-100 h-y-container h-column__content h-column__v-align flex-basis-100 align-self-lg-start align-self-md-start align-self-start\">\n                <!---->\n                <div data-colibri-id=\"3003-c5\" class=\"style-1309 style-local-3003-c5 position-relative h-element\">\n                  <!---->\n                  <div class=\"\">\n                    <iframe data-src=\"https:\/\/campbuchung.camping-horn.de\/10137\/\" width=\"100%\" height=\"750\" scrolling=\"auto\" frameborder=\"0\" title=\"Buchungsanfrage\" src=\"data:image\/svg+xml;base64,PHN2ZyB3aWR0aD0iMSIgaGVpZ2h0PSIxIiB4bWxucz0iaHR0cDovL3d3dy53My5vcmcvMjAwMC9zdmciPjwvc3ZnPg==\" class=\"lazyload\" data-load-mode=\"1\"> Ihr Webbrowser unterst\u00fctzt keine Inline-Frames! <\/iframe>\n                  <\/div>\n                <\/div>\n              <\/div>\n            <\/div>\n          <\/div>\n        <\/div>\n      <\/div>\n    <\/div>\n  <\/div>\n  <div data-colibri-component=\"section\" data-colibri-id=\"3003-c6\" id=\"content\" class=\"h-section h-section-global-spacing d-flex align-items-lg-center align-items-md-center align-items-center style-1272 style-local-3003-c6 position-relative\">\n    <!---->\n    <!---->\n    <div class=\"h-section-grid-container h-section-boxed-container\">\n      <div data-colibri-id=\"3003-c9\" class=\"h-row-container gutters-row-lg-2 gutters-row-md-2 gutters-row-2 gutters-row-v-lg-2 gutters-row-v-md-2 gutters-row-v-2 style-1275 style-local-3003-c9 position-relative\">\n        <!---->\n        <div class=\"h-row justify-content-lg-center justify-content-md-center justify-content-center align-items-lg-stretch align-items-md-stretch align-items-stretch gutters-col-lg-2 gutters-col-md-2 gutters-col-2 gutters-col-v-lg-2 gutters-col-v-md-2 gutters-col-v-2\">\n          <!---->\n          <div class=\"h-column h-column-container d-flex h-col-lg-auto h-col-md-auto h-col-auto style-1276-outer style-local-3003-c10-outer\">\n            <div data-colibri-id=\"3003-c10\" class=\"d-flex h-flex-basis h-column__inner h-px-lg-2 h-px-md-2 h-px-0 v-inner-lg-2 v-inner-md-2 v-inner-0 style-1276 style-local-3003-c10 position-relative\">\n              <!---->\n              <!---->\n              <div class=\"w-100 h-y-container h-column__content h-column__v-align flex-basis-100 align-self-lg-start align-self-md-start align-self-start\">\n                <!---->\n                <div data-colibri-id=\"3003-c11\" class=\"h-global-transition-all h-heading style-1277 style-local-3003-c11 position-relative h-element\">\n                  <!---->\n                  <div class=\"h-heading__outer style-1277 style-local-3003-c11\">\n                    <!---->\n                    <!---->\n                    <h2 class=\"\">Buchungsrichtlinie<\/h2>\n                  <\/div>\n                <\/div>\n                <div data-colibri-id=\"3003-c12\" class=\"h-lead h-text h-text-component style-1278 style-local-3003-c12 position-relative h-element\">\n                  <!---->\n                  <!---->\n                  <div class=\"\">\n                    <p><span style=\"font-size: 77%;\"> Um online zu buchen m\u00fcssen alle Cookies akzeptiert werden.<br> <\/span><span style=\"font-size: 15.4px; color: rgb(37, 41, 42); font-family: Open Sans; font-weight: 300;\">Alle Personen werden f\u00fcr den gesamten Buchungszeitraum durchgehend gemeldet und berechnet.&nbsp;<br>Reservierung ab drei N\u00e4chten.&nbsp;F\u00fcr 1 &amp; 2 N\u00e4chte stehen Kurzzeitpl\u00e4tze zur Verf\u00fcgung. <br>W\u00e4hlen Sie hierf\u00fcr die Kategorie Standplatz ab 1 Nacht. Verf\u00fcgbarkeit vorausgesetzt.<br>Ihr gebuchter Aufenthalt ist bei Anreise zu begleichen. Eine Verk\u00fcrzung oder R\u00fcckerstattung ist nach dem Check-In nicht mehr m\u00f6glich, eine versp\u00e4tete Anreise bzw. fr\u00fchere Abreise wird nicht erstattet.&nbsp;<br>Wir empfehlen den Abschluss einer Reiseabbruchversicherung.&nbsp;<br>Ihre Platzw\u00fcnsche versuchen wir ab 7 N\u00e4chten Aufenthalt nach M\u00f6glichkeit und Verf\u00fcgbarkeit zu erf\u00fcllen, es&nbsp;besteht&nbsp;aber kein Anspruch auf einen bestimmten Standplatz. Wir behalten uns ausdr\u00fccklich vor reservierte Standpl\u00e4tze umzubuchen. <\/span>\n                      <span\n                        style=\"font-size: 77%;\">Buchungen von Jugendlichen unter 18 Jahren ohne Begleitung eines Sorgeberechtigten sind aus rechtlichen Gr\u00fcnden nicht zugelassen und werden durch den Campingplatz storniert. Zelte sind nur auf den daf\u00fcr vorgesehenen Pl\u00e4tzen zugelassen.\n                        <\/span><span style=\"font-size: 15.4px; color: rgb(37, 41, 42); font-family: Open Sans; font-weight: 300;\"><br>Anreise bis 18 Uhr!&nbsp; Wir sind ein autofreier Campingplatz. Ihr KFZ kann au\u00dferhalb des Campingplatzes kostenfrei geparkt werden.&nbsp;<br>Anreise Camping ab 12&nbsp;Uhr (Mittagspause 13-14 Uhr)&nbsp;<br>Anreise Mieteinheiten ab 14 Uhr. Anreise bis 18 Uhr &#8211; Bitte planen Sie die rechtzeitige Ankunft bei ihrer Routenplanung ein.&nbsp;Es gelten unsere AGB.<\/span>\n                        <span\n                          style=\"font-size: 77%;\">\n                          <br>\n                          <br>Wir freuen uns auf Ihren Besuch!<\/span>\n                          <a href=\"https:\/\/camping-horn.de\/agb.pdf\" style=\"font-size: 101%; color: rgb(91, 168, 253);\" target=\"_blank\">\n                            <br>\n                          <\/a>\n                    <\/p>\n                  <\/div>\n                <\/div>\n                <div data-colibri-id=\"3003-c13\" class=\"h-x-container style-1279 style-local-3003-c13 position-relative h-element\">\n                  <!---->\n                  <div class=\"h-x-container-inner style-dynamic-3003-c13-group style-1279-spacing style-local-3003-c13-spacing\"><span class=\"h-button__outer style-1280-outer style-local-3003-c14-outer d-inline-flex h-element\"><a h-use-smooth-scroll=\"true\" href=\"http:\/\/www.camping-horn.de\/AGB.pdf\" target=\"_blank\"  data-colibri-id=\"3003-c14\" class=\"d-flex w-100 align-items-center h-button justify-content-lg-center justify-content-md-center justify-content-center style-1280 style-local-3003-c14 position-relative\"><!----><!----> <span>AGB<\/span><\/a>\n                    <\/span><span class=\"h-button__outer style-1280-outer style-local-3003-c15-outer d-inline-flex h-element\"><a h-use-smooth-scroll=\"true\" href=\"https:\/\/camping-horn.de\/wp-content\/uploads\/2024\/08\/Platzordnung2024-1.pdf\" target=\"_blank\"  data-colibri-id=\"3003-c15\" class=\"d-flex w-100 align-items-center h-button justify-content-lg-center justify-content-md-center justify-content-center style-1280 style-local-3003-c15 position-relative\"><!----><!----> <span>Platzordnung<\/span><\/a>\n                    <\/span><span class=\"h-button__outer style-1281-outer style-local-3003-c16-outer d-inline-flex h-element\"><a h-use-smooth-scroll=\"true\" href=\"https:\/\/camping-horn.de\/wp-content\/uploads\/2023\/06\/platzplan2023.pdf\" target=\"_blank\"  data-colibri-id=\"3003-c16\" class=\"d-flex w-100 align-items-center h-button justify-content-lg-center justify-content-md-center justify-content-center style-1281 style-local-3003-c16 position-relative\"><!----><!----> <span>Platzplan<\/span><\/a>\n                    <\/span><span class=\"h-button__outer style-1282-outer style-local-3003-c17-outer d-inline-flex h-element\"><a h-use-smooth-scroll=\"true\" href=\"https:\/\/camping-horn.de\/wp-content\/uploads\/2025\/02\/horn_preise25_web.pdf\" target=\"_blank\"  data-colibri-id=\"3003-c17\" class=\"d-flex w-100 align-items-center h-button justify-content-lg-center justify-content-md-center justify-content-center style-1282 style-local-3003-c17 position-relative\"><!----><!----> <span>Preisliste<\/span><\/a>\n                    <\/span>\n                  <\/div>\n                <\/div>\n              <\/div>\n            <\/div>\n          <\/div>\n        <\/div>\n      <\/div>\n      <div data-colibri-id=\"3003-c7\" class=\"h-row-container gutters-row-lg-2 gutters-row-md-2 gutters-row-2 gutters-row-v-lg-2 gutters-row-v-md-2 gutters-row-v-2 style-1273 style-local-3003-c7 position-relative\">\n        <!---->\n        <div class=\"h-row justify-content-lg-center justify-content-md-center justify-content-center align-items-lg-center align-items-md-center align-items-center gutters-col-lg-2 gutters-col-md-2 gutters-col-2 gutters-col-v-lg-2 gutters-col-v-md-2 gutters-col-v-2\">\n          <!---->\n          <div class=\"h-column h-column-container d-flex h-col-lg-auto h-col-md-auto h-col-auto align-self-lg-center align-self-md-center align-self-center style-1274-outer style-local-3003-c8-outer\">\n            <div data-colibri-id=\"3003-c8\" class=\"d-flex h-flex-basis h-column__inner h-ui-empty-state-container h-px-lg-0 h-px-md-0 h-px-0 v-inner-lg-0 v-inner-md-0 v-inner-0 style-1274 style-local-3003-c8 position-relative\">\n              <!---->\n              <!---->\n              <div class=\"w-100 h-y-container h-column__content h-column__v-align flex-basis-100\">\n                <!---->\n              <\/div>\n            <\/div>\n          <\/div>\n        <\/div>\n      <\/div>\n    <\/div>\n  <\/div>\n<\/div>","protected":false},"excerpt":{"rendered":"<p>Ihr Webbrowser unterst\u00fctzt keine Inline-Frames! Buchungsrichtlinie Um online zu buchen m\u00fcssen alle Cookies akzeptiert werden. Alle Personen werden f\u00fcr den gesamten Buchungszeitraum durchgehend gemeldet und berechnet.&nbsp;Reservierung ab drei N\u00e4chten.&nbsp;F\u00fcr 1 &amp; 2 N\u00e4chte stehen Kurzzeitpl\u00e4tze zur Verf\u00fcgung. W\u00e4hlen Sie hierf\u00fcr die Kategorie Standplatz ab 1 Nacht. Verf\u00fcgbarkeit vorausgesetzt.Ihr gebuchter Aufenthalt ist bei Anreise zu begleichen. [&hellip;]<\/p>\n","protected":false},"author":1,"featured_media":0,"parent":0,"menu_order":0,"comment_status":"closed","ping_status":"closed","template":"page-templates\/full-width-page.php","meta":{"footnotes":""},"class_list":["post-3003","page","type-page","status-publish","hentry"],"_links":{"self":[{"href":"https:\/\/camping-horn.de\/index.php?rest_route=\/wp\/v2\/pages\/3003","targetHints":{"allow":["GET"]}}],"collection":[{"href":"https:\/\/camping-horn.de\/index.php?rest_route=\/wp\/v2\/pages"}],"about":[{"href":"https:\/\/camping-horn.de\/index.php?rest_route=\/wp\/v2\/types\/page"}],"author":[{"embeddable":true,"href":"https:\/\/camping-horn.de\/index.php?rest_route=\/wp\/v2\/users\/1"}],"replies":[{"embeddable":true,"href":"https:\/\/camping-horn.de\/index.php?rest_route=%2Fwp%2Fv2%2Fcomments&post=3003"}],"version-history":[{"count":21,"href":"https:\/\/camping-horn.de\/index.php?rest_route=\/wp\/v2\/pages\/3003\/revisions"}],"predecessor-version":[{"id":5653,"href":"https:\/\/camping-horn.de\/index.php?rest_route=\/wp\/v2\/pages\/3003\/revisions\/5653"}],"wp:attachment":[{"href":"https:\/\/camping-horn.de\/index.php?rest_route=%2Fwp%2Fv2%2Fmedia&parent=3003"}],"curies":[{"name":"wp","href":"https:\/\/api.w.org\/{rel}","templated":true}]}}