{"id":2864,"date":"2021-03-13T12:08:34","date_gmt":"2021-03-13T12:08:34","guid":{"rendered":"http:\/\/camping-horn.de\/?page_id=2864"},"modified":"2025-05-17T07:26:31","modified_gmt":"2025-05-17T07:26:31","slug":"covid","status":"publish","type":"page","link":"https:\/\/camping-horn.de\/?page_id=2864","title":{"rendered":"Standpl\u00e4tze"},"content":{"rendered":"<div data-colibri-id=\"2864-c1\" class=\"style-1237 style-local-2864-c1 position-relative\">\n  <!---->\n  <div data-colibri-component=\"section\" data-colibri-id=\"2864-c2\" id=\"content\" class=\"h-section h-section-global-spacing d-flex align-items-lg-center align-items-md-center align-items-center style-1238 style-local-2864-c2 position-relative\">\n    <!---->\n    <!---->\n    <div class=\"h-section-grid-container h-section-boxed-container\">\n      <div data-colibri-id=\"2864-c29\" class=\"h-row-container gutters-row-lg-2 gutters-row-md-2 gutters-row-2 gutters-row-v-lg-2 gutters-row-v-md-2 gutters-row-v-2 style-1250 style-local-2864-c29 position-relative\">\n        <!---->\n        <div class=\"h-row justify-content-lg-center justify-content-md-center justify-content-center align-items-lg-stretch align-items-md-stretch align-items-stretch gutters-col-lg-2 gutters-col-md-2 gutters-col-2 gutters-col-v-lg-2 gutters-col-v-md-2 gutters-col-v-2\">\n          <!---->\n          <div class=\"h-column h-column-container d-flex h-col-lg-auto h-col-md-auto h-col-auto style-1251-outer style-local-2864-c30-outer\">\n            <div data-colibri-id=\"2864-c30\" class=\"d-flex h-flex-basis h-column__inner h-px-lg-2 h-px-md-2 h-px-2 v-inner-lg-2 v-inner-md-2 v-inner-2 style-1251 style-local-2864-c30 position-relative\">\n              <!---->\n              <!---->\n              <div class=\"w-100 h-y-container h-column__content h-column__v-align flex-basis-100 align-self-lg-start align-self-md-start align-self-start\">\n                <!---->\n                <div data-colibri-id=\"2864-c31\" class=\"h-global-transition-all h-heading style-1252 style-local-2864-c31 position-relative h-element\">\n                  <!---->\n                  <div class=\"h-heading__outer style-1252 style-local-2864-c31\">\n                    <!---->\n                    <!---->\n                    <h2 class=\"\">Unsere Standpl\u00e4tze <\/h2>\n                  <\/div>\n                <\/div>\n                <div data-colibri-id=\"2864-c32\" class=\"h-lead h-text h-text-component style-1253 style-local-2864-c32 position-relative h-element\">\n                  <!---->\n                  <!---->\n                  <div class=\"\">\n                    <p>Unsere Standpl\u00e4tze &#8211; Kategorien &#8211; Campingplatz Horn\n                      <br>\n                    <\/p>\n                  <\/div>\n                <\/div>\n              <\/div>\n            <\/div>\n          <\/div>\n        <\/div>\n      <\/div>\n      <div data-colibri-id=\"2864-c3\" class=\"h-row-container gutters-row-lg-2 gutters-row-md-2 gutters-row-2 gutters-row-v-lg-2 gutters-row-v-md-2 gutters-row-v-2 style-1239 style-local-2864-c3 position-relative\">\n        <!---->\n        <div class=\"h-row justify-content-lg-center justify-content-md-center justify-content-center align-items-lg-stretch align-items-md-stretch align-items-stretch gutters-col-lg-2 gutters-col-md-2 gutters-col-2 gutters-col-v-lg-2 gutters-col-v-md-2 gutters-col-v-2\">\n          <!---->\n          <div class=\"h-column h-column-container d-flex h-col-lg-auto h-col-md-auto h-col-auto style-1240-outer style-local-2864-c4-outer\">\n            <div data-colibri-id=\"2864-c4\" class=\"d-flex h-flex-basis h-column__inner h-px-lg-0 h-px-md-0 h-px-0 v-inner-lg-0 v-inner-md-0 v-inner-0 style-1240 style-local-2864-c4 position-relative\">\n              <!---->\n              <!---->\n              <div class=\"w-100 h-y-container h-column__content h-column__v-align flex-basis-100 align-self-lg-start align-self-md-start align-self-start\">\n                <!---->\n                <div data-colibri-id=\"2864-c5\" class=\"h-row-container gutters-row-lg-2 gutters-row-md-2 gutters-row-2 gutters-row-v-lg-2 gutters-row-v-md-2 gutters-row-v-2 style-1241 style-local-2864-c5 position-relative\">\n                  <!---->\n                  <div class=\"h-row justify-content-lg-center justify-content-md-center justify-content-center align-items-lg-stretch align-items-md-stretch align-items-stretch gutters-col-lg-2 gutters-col-md-2 gutters-col-2 gutters-col-v-lg-2 gutters-col-v-md-2 gutters-col-v-2\">\n                    <!---->\n                    <div class=\"h-column h-column-container d-flex h-col-lg-auto h-col-md-auto h-col-auto style-1242-outer style-local-2864-c6-outer\">\n                      <div data-colibri-id=\"2864-c6\" class=\"d-flex h-flex-basis h-column__inner h-px-lg-0 h-px-md-0 h-px-0 v-inner-lg-0 v-inner-md-0 v-inner-0 style-1242 style-local-2864-c6 position-relative\">\n                        <!---->\n                        <!---->\n                        <div class=\"w-100 h-y-container h-column__content h-column__v-align flex-basis-100 align-self-lg-center align-self-md-center align-self-center\">\n                          <!---->\n                          <div data-colibri-id=\"2864-c7\" class=\"h-global-transition-all h-heading style-1243 style-local-2864-c7 position-relative h-element\">\n                            <!---->\n                            <div class=\"h-heading__outer style-1243 style-local-2864-c7\">\n                              <!---->\n                              <!---->\n                              <h4 class=\"\"><span style=\"color: rgb(193, 36, 4);\">Standplatz <br>Wohnwagen \/ Wohnmobil<\/span><\/h4>\n                            <\/div>\n                          <\/div>\n                          <div data-colibri-id=\"2864-c8\" class=\"h-text h-text-component style-1248 style-local-2864-c8 position-relative h-element\">\n                            <!---->\n                            <!---->\n                            <div class=\"\">\n                              <p>Standplatz f\u00fcr Wohnwagen oder Wohnmobile bis zu einer L\u00e4nge von 8,00 m<\/p>\n                              <p>Stromanschluss&nbsp;<\/p>\n                              <p>\u00dcberwiegend in Inseln angeordnet<\/p>\n                              <p>Breite der Pl\u00e4tze durchschnittlich 10m<\/p>\n                              <p>Reservierbar ab drei N\u00e4chten Aufenthalt.\n                                <br>Verf\u00fcgbarkeit vorausgesetzt.<\/p>\n                            <\/div>\n                          <\/div>\n                          <div data-colibri-id=\"2864-c9\" class=\"h-x-container style-1598 style-local-2864-c9 position-relative h-element\">\n                            <!---->\n                            <div class=\"h-x-container-inner style-dynamic-2864-c9-group style-1598-spacing style-local-2864-c9-spacing\"><span class=\"h-link__outer style-1601-outer style-local-2864-c10-outer d-inline-flex h-element\"><a h-use-smooth-scroll=\"true\" href=\"https:\/\/camping-horn.de\/?page_id=3003\"  data-colibri-id=\"2864-c10\" class=\"d-flex w-100 align-items-center h-link style-1601 style-local-2864-c10 position-relative\"><!----><span  class=\"h-svg-icon h-link__icon style-1601-icon style-local-2864-c10-icon\"><!--Icon by Font Awesome (https:\/\/fontawesome.com)-->\n    <svg version=\"1.1\" xmlns=\"http:\/\/www.w3.org\/2000\/svg\" xmlns:xlink=\"http:\/\/www.w3.org\/1999\/xlink\" id=\"star\" viewBox=\"0 0 1664 1896.0833\">\n      <path d=\"M1664 647q0 22-26 48l-363 354 86 500q1 7 1 20 0 21-10.5 35.5T1321 1619q-19 0-40-12l-449-236-449 236q-22 12-40 12-21 0-31.5-14.5T301 1569q0-6 2-20l86-500L25 695Q0 668 0 647q0-37 56-46l502-73L783 73q19-41 49-41t49 41l225 455 502 73q56 9 56 46z\"><\/path>\n    <\/svg><\/span> <span>Jetzt Platz am See online buchen<\/span><\/a>\n                              <\/span>\n                            <\/div>\n                          <\/div>\n                        <\/div>\n                      <\/div>\n                    <\/div>\n                    <div class=\"h-column h-column-container d-flex h-col-lg-auto h-col-md-auto h-col-auto style-1249-outer style-local-2864-c11-outer\">\n                      <div data-colibri-id=\"2864-c11\" class=\"d-flex h-flex-basis h-column__inner h-ui-empty-state-container h-px-lg-0 h-px-md-0 h-px-0 v-inner-lg-0 v-inner-md-0 v-inner-0 style-1249 style-local-2864-c11 position-relative\">\n                        <!---->\n                        <!---->\n                        <div class=\"w-100 h-y-container h-column__content h-column__v-align flex-basis-100\">\n                          <!---->\n                        <\/div>\n                      <\/div>\n                    <\/div>\n                  <\/div>\n                <\/div>\n              <\/div>\n            <\/div>\n          <\/div>\n          <div class=\"h-column h-column-container d-flex h-col-lg-auto h-col-md-auto h-col-auto style-1240-outer style-local-2864-c12-outer\">\n            <div data-colibri-id=\"2864-c12\" class=\"d-flex h-flex-basis h-column__inner h-px-lg-0 h-px-md-0 h-px-0 v-inner-lg-0 v-inner-md-0 v-inner-0 style-1240 style-local-2864-c12 position-relative\">\n              <!---->\n              <!---->\n              <div class=\"w-100 h-y-container h-column__content h-column__v-align flex-basis-100 align-self-lg-start align-self-md-start align-self-start\">\n                <!---->\n                <div data-colibri-id=\"2864-c13\" class=\"h-row-container gutters-row-lg-2 gutters-row-md-2 gutters-row-2 gutters-row-v-lg-2 gutters-row-v-md-2 gutters-row-v-2 style-1241 style-local-2864-c13 position-relative\">\n                  <!---->\n                  <div class=\"h-row justify-content-lg-center justify-content-md-center justify-content-center align-items-lg-stretch align-items-md-stretch align-items-stretch gutters-col-lg-2 gutters-col-md-2 gutters-col-2 gutters-col-v-lg-2 gutters-col-v-md-2 gutters-col-v-2\">\n                    <!---->\n                    <div class=\"h-column h-column-container d-flex h-col-lg-auto h-col-md-auto h-col-auto style-1242-outer style-local-2864-c14-outer\">\n                      <div data-colibri-id=\"2864-c14\" class=\"d-flex h-flex-basis h-column__inner h-px-lg-0 h-px-md-0 h-px-0 v-inner-lg-0 v-inner-md-0 v-inner-0 style-1242 style-local-2864-c14 position-relative\">\n                        <!---->\n                        <!---->\n                        <div class=\"w-100 h-y-container h-column__content h-column__v-align flex-basis-100 align-self-lg-center align-self-md-center align-self-center\">\n                          <!---->\n                          <div data-colibri-id=\"2864-c15\" class=\"h-global-transition-all h-heading style-1243 style-local-2864-c15 position-relative h-element\">\n                            <!---->\n                            <div class=\"h-heading__outer style-1243 style-local-2864-c15\">\n                              <!---->\n                              <!---->\n                              <h4 class=\"\"><span style=\"color: rgb(193, 36, 4);\">Standplatz <br>Wohnmobil<\/span><\/h4>\n                            <\/div>\n                          <\/div>\n                          <div data-colibri-id=\"2864-c16\" class=\"h-text h-text-component style-1248 style-local-2864-c16 position-relative h-element\">\n                            <!---->\n                            <!---->\n                            <div class=\"\">\n                              <p>Standplatz ausschlie\u00dflich f\u00fcr&nbsp;Wohnmobile bis 8,00 m\n                                <br>\n                                <br>Innerhalb des Campingplatzes &#8211; ausserhalb der Inseln,&nbsp;Untergrund Gras\n                                <br>\n                              <\/p>\n                              <p>Kein Vorzeltaufbau m\u00f6glich &#8211; Markise kein Problem &#8211; Stromanschluss<\/p>\n                              <p>Diese Kategorie ist nicht geeignet f\u00fcr VW-Busse oder \u00e4hnliches.<\/p>\n                              <p>Reservierbar ab drei N\u00e4chten Aufenthalt.\n                                <br>Verf\u00fcgbarkeit vorausgesetzt.<\/p>\n                            <\/div>\n                          <\/div>\n                          <div data-colibri-id=\"2864-c17\" class=\"h-x-container style-1600 style-local-2864-c17 position-relative h-element\">\n                            <!---->\n                            <div class=\"h-x-container-inner style-dynamic-2864-c17-group style-1600-spacing style-local-2864-c17-spacing\"><span class=\"h-link__outer style-1601-outer style-local-2864-c18-outer d-inline-flex h-element\"><a h-use-smooth-scroll=\"true\" href=\"https:\/\/camping-horn.de\/?page_id=3003\"  data-colibri-id=\"2864-c18\" class=\"d-flex w-100 align-items-center h-link style-1601 style-local-2864-c18 position-relative\"><!----><span  class=\"h-svg-icon h-link__icon style-1601-icon style-local-2864-c18-icon\"><!--Icon by Font Awesome (https:\/\/fontawesome.com)-->\n    <svg version=\"1.1\" xmlns=\"http:\/\/www.w3.org\/2000\/svg\" xmlns:xlink=\"http:\/\/www.w3.org\/1999\/xlink\" id=\"star\" viewBox=\"0 0 1664 1896.0833\">\n      <path d=\"M1664 647q0 22-26 48l-363 354 86 500q1 7 1 20 0 21-10.5 35.5T1321 1619q-19 0-40-12l-449-236-449 236q-22 12-40 12-21 0-31.5-14.5T301 1569q0-6 2-20l86-500L25 695Q0 668 0 647q0-37 56-46l502-73L783 73q19-41 49-41t49 41l225 455 502 73q56 9 56 46z\"><\/path>\n    <\/svg><\/span> <span>Jetzt Platz am See online buchen<\/span><\/a>\n                              <\/span>\n                            <\/div>\n                          <\/div>\n                        <\/div>\n                      <\/div>\n                    <\/div>\n                    <div class=\"h-column h-column-container d-flex h-col-lg-auto h-col-md-auto h-col-auto style-1537-outer style-local-2864-c19-outer\">\n                      <div data-colibri-id=\"2864-c19\" class=\"d-flex h-flex-basis h-column__inner h-ui-empty-state-container h-px-lg-0 h-px-md-0 h-px-0 v-inner-lg-0 v-inner-md-0 v-inner-0 style-1537 style-local-2864-c19 position-relative\">\n                        <!---->\n                        <!---->\n                        <div class=\"w-100 h-y-container h-column__content h-column__v-align flex-basis-100\">\n                          <!---->\n                        <\/div>\n                      <\/div>\n                    <\/div>\n                  <\/div>\n                <\/div>\n              <\/div>\n            <\/div>\n          <\/div>\n          <div class=\"h-column h-column-container d-flex h-col-lg-auto h-col-md-auto h-col-auto style-1240-outer style-local-2864-c20-outer\">\n            <div data-colibri-id=\"2864-c20\" class=\"d-flex h-flex-basis h-column__inner h-px-lg-0 h-px-md-0 h-px-0 v-inner-lg-0 v-inner-md-0 v-inner-0 style-1240 style-local-2864-c20 position-relative\">\n              <!---->\n              <!---->\n              <div class=\"w-100 h-y-container h-column__content h-column__v-align flex-basis-100 align-self-lg-start align-self-md-start align-self-start\">\n                <!---->\n                <div data-colibri-id=\"2864-c21\" class=\"h-row-container gutters-row-lg-2 gutters-row-md-2 gutters-row-2 gutters-row-v-lg-2 gutters-row-v-md-2 gutters-row-v-2 style-1241 style-local-2864-c21 position-relative\">\n                  <!---->\n                  <div class=\"h-row justify-content-lg-center justify-content-md-center justify-content-center align-items-lg-stretch align-items-md-stretch align-items-stretch gutters-col-lg-2 gutters-col-md-2 gutters-col-2 gutters-col-v-lg-2 gutters-col-v-md-2 gutters-col-v-2\">\n                    <!---->\n                    <div class=\"h-column h-column-container d-flex h-col-lg-auto h-col-md-auto h-col-auto style-1242-outer style-local-2864-c22-outer\">\n                      <div data-colibri-id=\"2864-c22\" class=\"d-flex h-flex-basis h-column__inner h-px-lg-0 h-px-md-0 h-px-0 v-inner-lg-0 v-inner-md-0 v-inner-0 style-1242 style-local-2864-c22 position-relative\">\n                        <!---->\n                        <!---->\n                        <div class=\"w-100 h-y-container h-column__content h-column__v-align flex-basis-100 align-self-lg-center align-self-md-center align-self-center\">\n                          <!---->\n                          <div data-colibri-id=\"2864-c23\" class=\"h-global-transition-all h-heading style-1243 style-local-2864-c23 position-relative h-element\">\n                            <!---->\n                            <div class=\"h-heading__outer style-1243 style-local-2864-c23\">\n                              <!---->\n                              <!---->\n                              <h4 class=\"\"><span style=\"color: rgb(193, 36, 4);\">Standplatz Ab 1 Nacht<\/span><\/h4>\n                            <\/div>\n                          <\/div>\n                          <div data-colibri-id=\"2864-c24\" class=\"h-text h-text-component style-1248 style-local-2864-c24 position-relative h-element\">\n                            <!---->\n                            <!---->\n                            <div class=\"\">\n                              <p>Kurzzeitstandplatz f\u00fcr Wohnwagen und Wohnmobile bis 8,00 m, VW-Bus etc. und Dachzelte\n                                <br>\n                                <br>Die Kategorie ist nicht geeignet f\u00fcr Zelte!!!\n                                <br>\n                                <br>Ausserhalb der Inseln<\/p>\n                              <p>Stromanschluss<\/p>\n                              <p>Reservierbar ab 1 Nacht Aufenthalt.\n                                <br>\n                                <br>Verf\u00fcgbarkeit vorausgesetzt.<\/p>\n                            <\/div>\n                          <\/div>\n                          <div data-colibri-id=\"2864-c25\" class=\"h-x-container style-1600 style-local-2864-c25 position-relative h-element\">\n                            <!---->\n                            <div class=\"h-x-container-inner style-dynamic-2864-c25-group style-1600-spacing style-local-2864-c25-spacing\"><span class=\"h-link__outer style-1601-outer style-local-2864-c26-outer d-inline-flex h-element\"><a h-use-smooth-scroll=\"true\" href=\"https:\/\/camping-horn.de\/?page_id=3003\"  data-colibri-id=\"2864-c26\" class=\"d-flex w-100 align-items-center h-link style-1601 style-local-2864-c26 position-relative\"><!----><span  class=\"h-svg-icon h-link__icon style-1601-icon style-local-2864-c26-icon\"><!--Icon by Font Awesome (https:\/\/fontawesome.com)-->\n    <svg version=\"1.1\" xmlns=\"http:\/\/www.w3.org\/2000\/svg\" xmlns:xlink=\"http:\/\/www.w3.org\/1999\/xlink\" id=\"star\" viewBox=\"0 0 1664 1896.0833\">\n      <path d=\"M1664 647q0 22-26 48l-363 354 86 500q1 7 1 20 0 21-10.5 35.5T1321 1619q-19 0-40-12l-449-236-449 236q-22 12-40 12-21 0-31.5-14.5T301 1569q0-6 2-20l86-500L25 695Q0 668 0 647q0-37 56-46l502-73L783 73q19-41 49-41t49 41l225 455 502 73q56 9 56 46z\"><\/path>\n    <\/svg><\/span> <span>Jetzt Platz am See online buchen<\/span><\/a>\n                              <\/span>\n                            <\/div>\n                          <\/div>\n                        <\/div>\n                      <\/div>\n                    <\/div>\n                    <div class=\"h-column h-column-container d-flex h-col-lg-auto h-col-md-auto h-col-auto style-1537-outer style-local-2864-c27-outer\">\n                      <div data-colibri-id=\"2864-c27\" class=\"d-flex h-flex-basis h-column__inner h-px-lg-0 h-px-md-0 h-px-0 v-inner-lg-0 v-inner-md-0 v-inner-0 style-1537 style-local-2864-c27 position-relative\">\n                        <!---->\n                        <!---->\n                        <div class=\"w-100 h-y-container h-column__content h-column__v-align flex-basis-100 align-self-lg-center align-self-md-center align-self-center\">\n                          <!---->\n                          <div data-colibri-id=\"2864-c28\" class=\"d-block style-1652 style-local-2864-c28 position-relative h-element\">\n                            <!---->\n                            <div class=\"h-image__frame-container-outer\">\n                              <div class=\"h-image__frame-container\">\n                                <!---->\n                                <!---->\n                                <img decoding=\"async\" width=\"640\" height=\"370\" data-src=\"https:\/\/camping-horn.de\/wp-content\/uploads\/2025\/05\/kurz4.jpg\" class=\"wp-image-5606 style-1652-image style-local-2864-c28-image lazyload\" alt=\"\" data-srcset=\"https:\/\/camping-horn.de\/wp-content\/uploads\/2025\/05\/kurz4.jpg 640w, https:\/\/camping-horn.de\/wp-content\/uploads\/2025\/05\/kurz4-300x173.jpg 300w\" data-sizes=\"(max-width: 640px) 100vw, 640px\" src=\"data:image\/svg+xml;base64,PHN2ZyB3aWR0aD0iMSIgaGVpZ2h0PSIxIiB4bWxucz0iaHR0cDovL3d3dy53My5vcmcvMjAwMC9zdmciPjwvc3ZnPg==\" style=\"--smush-placeholder-width: 640px; --smush-placeholder-aspect-ratio: 640\/370;\" \/>\n                                <div class=\"h-image__frame h-hide-lg h-hide-md h-hide-sm style-1652-frameImage style-local-2864-c28-frameImage\"><\/div>\n                              <\/div>\n                            <\/div>\n                          <\/div>\n                        <\/div>\n                      <\/div>\n                    <\/div>\n                  <\/div>\n                <\/div>\n              <\/div>\n            <\/div>\n          <\/div>\n        <\/div>\n      <\/div>\n    <\/div>\n  <\/div>\n<\/div>","protected":false},"excerpt":{"rendered":"<p>Unsere Standpl\u00e4tze Unsere Standpl\u00e4tze &#8211; Kategorien &#8211; Campingplatz Horn Standplatz Wohnwagen \/ Wohnmobil Standplatz f\u00fcr Wohnwagen oder Wohnmobile bis zu einer L\u00e4nge von 8,00 m Stromanschluss&nbsp; \u00dcberwiegend in Inseln angeordnet Breite der Pl\u00e4tze durchschnittlich 10m Reservierbar ab drei N\u00e4chten Aufenthalt. Verf\u00fcgbarkeit vorausgesetzt. Jetzt Platz am See online buchen Standplatz Wohnmobil Standplatz ausschlie\u00dflich f\u00fcr&nbsp;Wohnmobile bis 8,00 [&hellip;]<\/p>\n","protected":false},"author":1,"featured_media":0,"parent":0,"menu_order":0,"comment_status":"closed","ping_status":"closed","template":"page-templates\/full-width-page.php","meta":{"footnotes":""},"class_list":["post-2864","page","type-page","status-publish","hentry"],"_links":{"self":[{"href":"https:\/\/camping-horn.de\/index.php?rest_route=\/wp\/v2\/pages\/2864","targetHints":{"allow":["GET"]}}],"collection":[{"href":"https:\/\/camping-horn.de\/index.php?rest_route=\/wp\/v2\/pages"}],"about":[{"href":"https:\/\/camping-horn.de\/index.php?rest_route=\/wp\/v2\/types\/page"}],"author":[{"embeddable":true,"href":"https:\/\/camping-horn.de\/index.php?rest_route=\/wp\/v2\/users\/1"}],"replies":[{"embeddable":true,"href":"https:\/\/camping-horn.de\/index.php?rest_route=%2Fwp%2Fv2%2Fcomments&post=2864"}],"version-history":[{"count":20,"href":"https:\/\/camping-horn.de\/index.php?rest_route=\/wp\/v2\/pages\/2864\/revisions"}],"predecessor-version":[{"id":5609,"href":"https:\/\/camping-horn.de\/index.php?rest_route=\/wp\/v2\/pages\/2864\/revisions\/5609"}],"wp:attachment":[{"href":"https:\/\/camping-horn.de\/index.php?rest_route=%2Fwp%2Fv2%2Fmedia&parent=2864"}],"curies":[{"name":"wp","href":"https:\/\/api.w.org\/{rel}","templated":true}]}}