{"id":25,"date":"2020-03-11T14:44:36","date_gmt":"2020-03-11T14:44:36","guid":{"rendered":"http:\/\/camping-horn.de\/?page_id=25"},"modified":"2025-04-23T10:17:26","modified_gmt":"2025-04-23T10:17:26","slug":"am-see","status":"publish","type":"page","link":"https:\/\/camping-horn.de\/?page_id=25","title":{"rendered":"Am See"},"content":{"rendered":"<div data-colibri-id=\"25-c1\" class=\"style-539 style-local-25-c1 position-relative\">\n  <!---->\n  <div data-colibri-component=\"section\" data-colibri-id=\"25-c2\" id=\"content\" class=\"h-section h-section-global-spacing d-flex align-items-lg-center align-items-md-center align-items-center style-543 style-local-25-c2 position-relative\">\n    <!---->\n    <!---->\n    <div class=\"h-section-grid-container h-section-boxed-container\">\n      <div data-colibri-id=\"25-c20\" class=\"h-row-container gutters-row-lg-2 gutters-row-md-2 gutters-row-2 gutters-row-v-lg-2 gutters-row-v-md-2 gutters-row-v-2 style-555 style-local-25-c20 position-relative\">\n        <!---->\n        <div class=\"h-row justify-content-lg-center justify-content-md-center justify-content-center align-items-lg-stretch align-items-md-stretch align-items-stretch gutters-col-lg-2 gutters-col-md-2 gutters-col-2 gutters-col-v-lg-2 gutters-col-v-md-2 gutters-col-v-2\">\n          <!---->\n          <div class=\"h-column h-column-container d-flex h-col-lg-auto h-col-md-auto h-col-auto style-556-outer style-local-25-c21-outer\">\n            <div data-colibri-id=\"25-c21\" class=\"d-flex h-flex-basis h-column__inner h-px-lg-2 h-px-md-2 h-px-2 v-inner-lg-2 v-inner-md-2 v-inner-2 style-556 style-local-25-c21 position-relative\">\n              <!---->\n              <!---->\n              <div class=\"w-100 h-y-container h-column__content h-column__v-align flex-basis-100 align-self-lg-start align-self-md-start align-self-start\">\n                <!---->\n                <div data-colibri-id=\"25-c22\" class=\"h-global-transition-all h-heading style-557 style-local-25-c22 position-relative h-element\">\n                  <!---->\n                  <div class=\"h-heading__outer style-557 style-local-25-c22\">\n                    <!---->\n                    <!---->\n                    <h2 class=\"\">Sommer am See. Einfach <span data-animation-duration=\"4\" data-type-animation=\"rotate-3\" data-colibri-component=\"fancy-title\"><span class=\"ah-headline rotate-3\"><span style=\"position: relative\" class=\"ah-words-wrapper\"><b class=\"is-visible\">herrlich.<\/b><b>wundersch\u00f6n.<\/b><b>glitzernd.<\/b><b>erlebnisreich.<\/b><\/span><\/span>\n                      <\/span>&nbsp;<\/h2>\n                  <\/div>\n                <\/div>\n                <div data-colibri-id=\"25-c23\" class=\"h-lead h-text h-text-component style-558 style-local-25-c23 position-relative h-element\">\n                  <!---->\n                  <!---->\n                  <div class=\"\">\n                    <p>Genie\u00dfen sie perfekte Urlaubstage am Camping Horn mit seiner direkten Lage am See.<\/p>\n                  <\/div>\n                <\/div>\n              <\/div>\n            <\/div>\n          <\/div>\n        <\/div>\n      <\/div>\n      <div data-colibri-id=\"25-c3\" class=\"h-row-container gutters-row-lg-2 gutters-row-md-2 gutters-row-2 gutters-row-v-lg-2 gutters-row-v-md-2 gutters-row-v-2 style-544 style-local-25-c3 position-relative\">\n        <!---->\n        <div class=\"h-row justify-content-lg-center justify-content-md-center justify-content-center align-items-lg-stretch align-items-md-stretch align-items-stretch gutters-col-lg-2 gutters-col-md-2 gutters-col-2 gutters-col-v-lg-2 gutters-col-v-md-2 gutters-col-v-2\">\n          <!---->\n          <div class=\"h-column h-column-container d-flex h-col-lg-auto h-col-md-auto h-col-auto style-545-outer style-local-25-c4-outer\">\n            <div data-colibri-id=\"25-c4\" class=\"d-flex h-flex-basis h-column__inner h-px-lg-0 h-px-md-0 h-px-0 v-inner-lg-0 v-inner-md-0 v-inner-0 style-545 style-local-25-c4 position-relative\">\n              <!---->\n              <!---->\n              <div class=\"w-100 h-y-container h-column__content h-column__v-align flex-basis-100 align-self-lg-start align-self-md-start align-self-start\">\n                <!---->\n                <div data-colibri-id=\"25-c5\" class=\"h-row-container gutters-row-lg-2 gutters-row-md-2 gutters-row-2 gutters-row-v-lg-2 gutters-row-v-md-2 gutters-row-v-2 style-546 style-local-25-c5 position-relative\">\n                  <!---->\n                  <div class=\"h-row justify-content-lg-center justify-content-md-center justify-content-center align-items-lg-stretch align-items-md-stretch align-items-stretch gutters-col-lg-2 gutters-col-md-2 gutters-col-2 gutters-col-v-lg-2 gutters-col-v-md-2 gutters-col-v-2\">\n                    <!---->\n                    <div class=\"h-column h-column-container d-flex h-col-lg-auto h-col-md-auto h-col-auto style-547-outer style-local-25-c6-outer\">\n                      <div data-colibri-id=\"25-c6\" class=\"d-flex h-flex-basis h-column__inner h-px-lg-0 h-px-md-0 h-px-0 v-inner-lg-0 v-inner-md-0 v-inner-0 style-547 style-local-25-c6 position-relative\">\n                        <!---->\n                        <!---->\n                        <div class=\"w-100 h-y-container h-column__content h-column__v-align flex-basis-100 align-self-lg-center align-self-md-center align-self-center\">\n                          <!---->\n                          <div data-colibri-id=\"25-c7\" class=\"h-global-transition-all h-heading style-534 style-local-25-c7 position-relative h-element\">\n                            <!---->\n                            <div class=\"h-heading__outer style-534 style-local-25-c7\">\n                              <!---->\n                              <!---->\n                              <h4 class=\"\">StrandBAD HORN<\/h4>\n                            <\/div>\n                          <\/div>\n                          <div data-colibri-id=\"25-c8\" class=\"h-text h-text-component style-535 style-local-25-c8 position-relative h-element\">\n                            <!---->\n                            <!---->\n                            <div class=\"\">\n                              <p>Was gibt es sch\u00f6neres, als sich an warmen Sommertagen bei einem Sprung ins k\u00fchle Nass zu erfrischen?<\/p>\n                              <p>Im Strandbad finden sie alles, was sie f\u00fcr unbeschwerte Stunden ben\u00f6tigen. F\u00fcr unsere Campingg\u00e4ste ist der Eintritt ins zugeh\u00f6rige Strandbad kostenlos. Zeigen sie dazu an der Kasse einfach ihre G\u00e4stekarte vor.&nbsp;<\/p>\n                            <\/div>\n                          <\/div>\n                        <\/div>\n                      <\/div>\n                    <\/div>\n                    <div class=\"h-column h-column-container d-flex h-col-lg-auto h-col-md-auto h-col-auto style-550-outer style-local-25-c9-outer\">\n                      <div data-colibri-id=\"25-c9\" class=\"d-flex h-flex-basis h-column__inner h-ui-empty-state-container h-px-lg-0 h-px-md-0 h-px-0 v-inner-lg-0 v-inner-md-0 v-inner-0 style-550 style-local-25-c9 position-relative\">\n                        <!---->\n                        <!---->\n                        <div class=\"w-100 h-y-container h-column__content h-column__v-align flex-basis-100\">\n                          <!---->\n                        <\/div>\n                      <\/div>\n                    <\/div>\n                  <\/div>\n                <\/div>\n                <div data-colibri-id=\"25-c10\" class=\"h-row-container gutters-row-lg-2 gutters-row-md-2 gutters-row-2 gutters-row-v-lg-2 gutters-row-v-md-2 gutters-row-v-2 style-546 style-local-25-c10 position-relative\">\n                  <!---->\n                  <div class=\"h-row justify-content-lg-center justify-content-md-center justify-content-center align-items-lg-stretch align-items-md-stretch align-items-stretch gutters-col-lg-2 gutters-col-md-2 gutters-col-2 gutters-col-v-lg-2 gutters-col-v-md-2 gutters-col-v-2\">\n                    <!---->\n                    <div class=\"h-column h-column-container d-flex h-col-lg-auto h-col-md-auto h-col-auto style-551-outer style-local-25-c11-outer\">\n                      <div data-colibri-id=\"25-c11\" class=\"d-flex h-flex-basis h-column__inner h-ui-empty-state-container h-px-lg-0 h-px-md-0 h-px-0 v-inner-lg-0 v-inner-md-0 v-inner-0 style-551 style-local-25-c11 position-relative\">\n                        <!---->\n                        <!---->\n                        <div class=\"w-100 h-y-container h-column__content h-column__v-align flex-basis-100\">\n                          <!---->\n                        <\/div>\n                      <\/div>\n                    <\/div>\n                    <div class=\"h-column h-column-container d-flex h-col-lg-auto h-col-md-auto h-col-auto style-547-outer style-local-25-c12-outer\">\n                      <div data-colibri-id=\"25-c12\" class=\"d-flex h-flex-basis h-column__inner h-px-lg-0 h-px-md-0 h-px-0 v-inner-lg-0 v-inner-md-0 v-inner-0 style-547 style-local-25-c12 position-relative\">\n                        <!---->\n                        <!---->\n                        <div class=\"w-100 h-y-container h-column__content h-column__v-align flex-basis-100 align-self-lg-center align-self-md-center align-self-center\">\n                          <!---->\n                          <div data-colibri-id=\"25-c13\" class=\"h-global-transition-all h-heading style-534 style-local-25-c13 position-relative h-element\">\n                            <!---->\n                            <div class=\"h-heading__outer style-534 style-local-25-c13\">\n                              <!---->\n                              <!---->\n                              <h4 class=\"\">SUN &amp; FUN<\/h4>\n                            <\/div>\n                          <\/div>\n                          <div data-colibri-id=\"25-c14\" class=\"h-text h-text-component style-552 style-local-25-c14 position-relative h-element\">\n                            <!---->\n                            <!---->\n                            <div class=\"\">\n                              <p>Sonnen Sie sich auf der gro\u00dfz\u00fcgigen Liegewiese oder spielen Sie eine Partie Minigolf oder Beachvolleyball. Kinder k\u00f6nnen sich auf dem Spielplatz die Zeit vertreiben w\u00e4hrend Sie auf der Seeterrasse internationale Spezialit\u00e4ten\n                                genie\u00dfen. Lassen sie hier einen unbeschwerten Urlaubstag bei einem k\u00fchlen Getr\u00e4nk mit Blick auf den See entspannt ausklingen.<\/p>\n                            <\/div>\n                          <\/div>\n                        <\/div>\n                      <\/div>\n                    <\/div>\n                  <\/div>\n                <\/div>\n                <div data-colibri-id=\"25-c15\" class=\"h-row-container gutters-row-lg-2 gutters-row-md-2 gutters-row-2 gutters-row-v-lg-2 gutters-row-v-md-2 gutters-row-v-2 style-546 style-local-25-c15 position-relative\">\n                  <!---->\n                  <div class=\"h-row justify-content-lg-center justify-content-md-center justify-content-center align-items-lg-stretch align-items-md-stretch align-items-stretch gutters-col-lg-2 gutters-col-md-2 gutters-col-2 gutters-col-v-lg-2 gutters-col-v-md-2 gutters-col-v-2\">\n                    <!---->\n                    <div class=\"h-column h-column-container d-flex h-col-lg-auto h-col-md-auto h-col-auto style-547-outer style-local-25-c16-outer\">\n                      <div data-colibri-id=\"25-c16\" class=\"d-flex h-flex-basis h-column__inner h-px-lg-0 h-px-md-0 h-px-0 v-inner-lg-0 v-inner-md-0 v-inner-0 style-547 style-local-25-c16 position-relative\">\n                        <!---->\n                        <!---->\n                        <div class=\"w-100 h-y-container h-column__content h-column__v-align flex-basis-100 align-self-lg-center align-self-md-center align-self-center\">\n                          <!---->\n                          <div data-colibri-id=\"25-c17\" class=\"h-global-transition-all h-heading style-534 style-local-25-c17 position-relative h-element\">\n                            <!---->\n                            <div class=\"h-heading__outer style-534 style-local-25-c17\">\n                              <!---->\n                              <!---->\n                              <h4 class=\"\">\n                                <br>Strandbad Camping Horn und seeterrasse<\/h4>\n                            <\/div>\n                          <\/div>\n                          <div data-colibri-id=\"25-c18\" class=\"h-text h-text-component style-553 style-local-25-c18 position-relative h-element\">\n                            <!---->\n                            <!---->\n                            <div class=\"\">\n                              <p>T\u00e4glich in der Hauptsaison von 08 &#8211; 21.30 Uhr ge\u00f6ffnet.\n                                <br>T\u00e4glich in der Nebensaison von 08 &#8211; 20 Uhr ge\u00f6ffnet.<\/p>\n                              <p>Ein Hinweis f\u00fcr Hundebesitzer: Am Strand und auf der Liegewiese sind Hunde nicht erlaubt. Auf die Gastronomieterrasse d\u00fcrfen Hunde mitgenommen werden.<\/p>\n                              <p>\n                                <br>\n                              <\/p>\n                            <\/div>\n                          <\/div>\n                        <\/div>\n                      <\/div>\n                    <\/div>\n                    <div class=\"h-column h-column-container d-flex h-col-lg-auto h-col-md-auto h-col-auto style-554-outer style-local-25-c19-outer\">\n                      <div data-colibri-id=\"25-c19\" class=\"d-flex h-flex-basis h-column__inner h-ui-empty-state-container h-px-lg-0 h-px-md-0 h-px-0 v-inner-lg-0 v-inner-md-0 v-inner-0 style-554 style-local-25-c19 position-relative\">\n                        <!---->\n                        <!---->\n                        <div class=\"w-100 h-y-container h-column__content h-column__v-align flex-basis-100\">\n                          <!---->\n                        <\/div>\n                      <\/div>\n                    <\/div>\n                  <\/div>\n                <\/div>\n              <\/div>\n            <\/div>\n          <\/div>\n        <\/div>\n      <\/div>\n    <\/div>\n  <\/div>\n<\/div>","protected":false},"excerpt":{"rendered":"<p>Sommer am See. Einfach herrlich.wundersch\u00f6n.glitzernd.erlebnisreich. &nbsp; Genie\u00dfen sie perfekte Urlaubstage am Camping Horn mit seiner direkten Lage am See. StrandBAD HORN Was gibt es sch\u00f6neres, als sich an warmen Sommertagen bei einem Sprung ins k\u00fchle Nass zu erfrischen? Im Strandbad finden sie alles, was sie f\u00fcr unbeschwerte Stunden ben\u00f6tigen. F\u00fcr unsere Campingg\u00e4ste ist der Eintritt [&hellip;]<\/p>\n","protected":false},"author":1,"featured_media":0,"parent":0,"menu_order":0,"comment_status":"closed","ping_status":"closed","template":"page-templates\/full-width-page.php","meta":{"footnotes":""},"class_list":["post-25","page","type-page","status-publish","hentry"],"_links":{"self":[{"href":"https:\/\/camping-horn.de\/index.php?rest_route=\/wp\/v2\/pages\/25","targetHints":{"allow":["GET"]}}],"collection":[{"href":"https:\/\/camping-horn.de\/index.php?rest_route=\/wp\/v2\/pages"}],"about":[{"href":"https:\/\/camping-horn.de\/index.php?rest_route=\/wp\/v2\/types\/page"}],"author":[{"embeddable":true,"href":"https:\/\/camping-horn.de\/index.php?rest_route=\/wp\/v2\/users\/1"}],"replies":[{"embeddable":true,"href":"https:\/\/camping-horn.de\/index.php?rest_route=%2Fwp%2Fv2%2Fcomments&post=25"}],"version-history":[{"count":20,"href":"https:\/\/camping-horn.de\/index.php?rest_route=\/wp\/v2\/pages\/25\/revisions"}],"predecessor-version":[{"id":5477,"href":"https:\/\/camping-horn.de\/index.php?rest_route=\/wp\/v2\/pages\/25\/revisions\/5477"}],"wp:attachment":[{"href":"https:\/\/camping-horn.de\/index.php?rest_route=%2Fwp%2Fv2%2Fmedia&parent=25"}],"curies":[{"name":"wp","href":"https:\/\/api.w.org\/{rel}","templated":true}]}}